{"id":1028,"date":"2019-07-18T16:11:29","date_gmt":"2019-07-18T16:11:29","guid":{"rendered":"https:\/\/camacolchonroses.com\/?page_id=1028"},"modified":"2021-05-15T21:02:58","modified_gmt":"2021-05-15T21:02:58","slug":"politica-de-privacitat","status":"publish","type":"page","link":"https:\/\/camacolchonroses.com\/ca\/politica-de-privacitat\/","title":{"rendered":"Pol\u00edtica de privacitat"},"content":{"rendered":"\t\t<div data-elementor-type=\"wp-post\" data-elementor-id=\"1028\" class=\"elementor elementor-1028\" data-elementor-post-type=\"page\">\n\t\t\t\t\t\t<section class=\"elementor-section elementor-top-section elementor-element elementor-element-4b71ae3 elementor-section-content-middle elementor-section-boxed elementor-section-height-default elementor-section-height-default\" data-id=\"4b71ae3\" data-element_type=\"section\" data-settings=\"{&quot;background_background&quot;:&quot;classic&quot;}\">\n\t\t\t\t\t\t\t<div class=\"elementor-background-overlay\"><\/div>\n\t\t\t\t\t\t\t<div class=\"elementor-container elementor-column-gap-default\">\n\t\t\t\t\t<div class=\"elementor-column elementor-col-100 elementor-top-column elementor-element elementor-element-9a0d49b\" data-id=\"9a0d49b\" data-element_type=\"column\">\n\t\t\t<div class=\"elementor-widget-wrap elementor-element-populated\">\n\t\t\t\t\t\t<section class=\"elementor-section elementor-inner-section elementor-element elementor-element-2beb8df elementor-section-boxed elementor-section-height-default elementor-section-height-default\" data-id=\"2beb8df\" data-element_type=\"section\">\n\t\t\t\t\t\t<div class=\"elementor-container elementor-column-gap-default\">\n\t\t\t\t\t<div class=\"elementor-column elementor-col-100 elementor-inner-column elementor-element elementor-element-9dd6225\" data-id=\"9dd6225\" data-element_type=\"column\">\n\t\t\t<div class=\"elementor-widget-wrap elementor-element-populated\">\n\t\t\t\t\t\t<div class=\"elementor-element elementor-element-4758e9e elementor-widget elementor-widget-heading\" data-id=\"4758e9e\" data-element_type=\"widget\" data-widget_type=\"heading.default\">\n\t\t\t\t<div class=\"elementor-widget-container\">\n\t\t\t<h2 class=\"elementor-heading-title elementor-size-default\">Pol\u00edtiques de privacitat<\/h2>\t\t<\/div>\n\t\t\t\t<\/div>\n\t\t\t\t<div class=\"elementor-element elementor-element-7b28634 elementor-widget-divider--view-line elementor-widget elementor-widget-divider\" data-id=\"7b28634\" data-element_type=\"widget\" data-widget_type=\"divider.default\">\n\t\t\t\t<div class=\"elementor-widget-container\">\n\t\t\t\t\t<div class=\"elementor-divider\">\n\t\t\t<span class=\"elementor-divider-separator\">\n\t\t\t\t\t\t<\/span>\n\t\t<\/div>\n\t\t\t\t<\/div>\n\t\t\t\t<\/div>\n\t\t\t\t\t<\/div>\n\t\t<\/div>\n\t\t\t\t\t<\/div>\n\t\t<\/section>\n\t\t\t\t\t<\/div>\n\t\t<\/div>\n\t\t\t\t\t<\/div>\n\t\t<\/section>\n\t\t\t\t<section class=\"elementor-section elementor-top-section elementor-element elementor-element-6fdc1bd4 elementor-section-boxed elementor-section-height-default elementor-section-height-default\" data-id=\"6fdc1bd4\" data-element_type=\"section\">\n\t\t\t\t\t\t<div class=\"elementor-container elementor-column-gap-default\">\n\t\t\t\t\t<div class=\"elementor-column elementor-col-100 elementor-top-column elementor-element elementor-element-5acd9b45\" data-id=\"5acd9b45\" data-element_type=\"column\">\n\t\t\t<div class=\"elementor-widget-wrap elementor-element-populated\">\n\t\t\t\t\t\t<div class=\"elementor-element elementor-element-3f2332bd elementor-widget elementor-widget-text-editor\" data-id=\"3f2332bd\" data-element_type=\"widget\" data-widget_type=\"text-editor.default\">\n\t\t\t\t<div class=\"elementor-widget-container\">\n\t\t\t\t\t\t\t<p>En compliment de l&#8217;Reglament (UE) 2016\/679 de el Parlament Europeu i de Consell, de 27 d&#8217;abril de 2016, relatiu a la protecci\u00f3 de les persones f\u00edsiques pel que fa a el tractament de dades personals, pel qual es deroga la directiva 95 \/ 46 \/ CE (d&#8217;ara endavant, RGPD), de la Llei 34\/2002, de 11 de juliol, de serveis de la societat de la informaci\u00f3 i de comer\u00e7 electr\u00f2nic (en endavant, LSSI-CE) i de la Llei Org\u00e0nica 3 \/ 2018, de protecci\u00f3 de dades personals i garantia dels drets digitals, ALBERT NOGU\u00c9 POLA garanteix la protecci\u00f3 i confidencialitat de les dades personals, de qualsevol tipus que ens proporcionin els nostres clients, d&#8217;acord amb el que disposa el Reglament General de protecci\u00f3 de dades de car\u00e0cter personal.<\/p><p>La Pol\u00edtica de Protecci\u00f3 de Dades de ALBERT NOGU\u00c9 POLA descansa en el principi de responsabilitat proactiva, segons el qual el responsable de l&#8217;tractament \u00e9s responsable de l&#8217;acompliment de el marc normatiu i jurisprudencial, sent capa\u00e7 de demostrar-davant les autoritats de control corresponents.<\/p><p>Les dades facilitades seran tractades en els termes establerts en el RGPD, en aquest sentit ALBERT NOGU\u00c9 POLA ha adoptat els nivells de protecci\u00f3 que legalment s&#8217;exigeixen, i ha instal\u00b7lat totes les mesures t\u00e8cniques al seu abast per evitar la p\u00e8rdua, mal \u00fas, alteraci\u00f3, acc\u00e9s no autoritzat per tercers, exposats a continuaci\u00f3. No obstant, l&#8217;usuari ha de ser conscient que les mesures de seguretat a Internet no s\u00f3n inexpugnables.<\/p><p>Responsable de l&#8217;tractament: Qui som?<\/p><ul><li>Denominaci\u00f3: ALBERT NOGU\u00c9 POLA<\/li><li>CIF: 77109392Y<\/li><li>Direcci\u00f3: Av. Mare de D\u00e9u de Montserrat 4-6, 17480 Roses, Girona<br \/>Tel\u00e8fon: 640238806<\/li><li>Correu electr\u00f2nic: info@moblesroses.com<\/li><\/ul><p><br \/><strong>Finalitat de l&#8217;tractament: Per a qu\u00e8 farem servir les seves dades?<\/strong><\/p><p>Totes les dades facilitades pels nostres clients i \/ o visitants al web de ALBERT NOGU\u00c9 POLA o al seu personal, seran incloses en registre d&#8217;activitats de tractament de dades de car\u00e0cter personal, creat i mantingut sota la responsabilitat de ALBERT NOGU\u00c9 POLA, imprescindibles per a prestar els serveis sol\u00b7licitats pels usuaris, o per resoldre els dubtes o q\u00fcestions plantejades pels nostres visitants. La nostra pol\u00edtica \u00e9s no elaborar perfils sobre els usuaris dels nostres serveis.<\/p><p><strong>Legitimitat de l&#8217;tractament: Per qu\u00e8 necessitem les seves dades?<\/strong><\/p><p>a) Relaci\u00f3 contractual: \u00c9s la que s&#8217;aplica quan compra un dels nostres productes o contracta algun dels nostres serveis.<br \/>b) Inter\u00e8s leg\u00edtim: Per atendre les consultes i reclamacions que ens plantegi i per gestionar el cobrament de les quantitats degudes.<br \/>c) El seu consentiment: Si \u00e9s usuari de la nostra web, mitjan\u00e7ant la marcaci\u00f3 de la casella que figura en el formulari de contacte, ens autoritza a que li remetem les comunicacions necess\u00e0ries per donar resposta a la consulta o sol\u00b7licitud d&#8217;informaci\u00f3 plantejada.<\/p><p><strong>Destinataris: Amb qui compartim les seves dades?<\/strong><\/p><p>No cedim les seves dades personals a ning\u00fa, a excepci\u00f3 d&#8217;aquelles entitats p\u00fabliques o privades a les quals estiguem obligats a facilitar les seves dades personals amb motiu de l&#8217;acompliment d&#8217;alguna llei. Per posar un exemple, la Llei Tribut\u00e0ria obliga a facilitar a l&#8217;Ag\u00e8ncia Tribut\u00e0ria determinada informaci\u00f3 sobre operacions econ\u00f2miques que superin una determinada quantitat.<\/p><p>En el cas que, a l&#8217;marge dels sup\u00f2sits comentats, necessitem donar a con\u00e8ixer la seva informaci\u00f3 personal a altres entitats, li demanarem pr\u00e8viament el seu perm\u00eds a trav\u00e9s d&#8217;opcions clares que li permetran decidir a aix\u00f2.<\/p><p><strong>Comunicaci\u00f3: On podr\u00edem enviar les teves dades?<\/strong><\/p><p>No farem transfer\u00e8ncies internacionals de les seves dades personals per a cap de les finalitats indicades.<\/p><p><strong>Conservaci\u00f3: Quant de temps mantindrem les teves dades?<\/strong><\/p><p>Nom\u00e9s conservarem les seves dades personals durant el temps que sigui necessari per assolir els fins per als quals van ser recollides. A l&#8217;hora de determinar l&#8217;oport\u00fa per\u00edode de conservaci\u00f3, examinem els riscos que comporta el tractament, aix\u00ed com les nostres obligacions contractuals, legals i normatives, les pol\u00edtiques internes de conservaci\u00f3 de dades i els nostres interessos de negoci leg\u00edtims descrits en el present Av\u00eds de Privadesa i pol\u00edtica de galetes.<\/p><p>En aquest sentit, ALBERT NOGU\u00c9 POLA conservar\u00e0 les dades personals un cop acabada la seva relaci\u00f3 amb Un., Degudament bloquejades, durant el termini de prescripci\u00f3 de les accions que puguin derivar de la relaci\u00f3 mantinguda amb l&#8217;interessat.<\/p><p>Un cop bloquejats, les seves dades seran inaccessibles per ALBERT NOGU\u00c9 POLA, i no seran tractats excepte per a la seva posada a disposici\u00f3 a les administracions p\u00fabliques, jutges i tribunals, per a l&#8217;atenci\u00f3 de les possibles responsabilitats nascudes dels tractaments, aix\u00ed com per a l&#8217;exercici i defensa de reclamacions davant l&#8217;Ag\u00e8ncia Espanyola de Protecci\u00f3 de Dades.<\/p><p><strong>Seguretat: Com anem a protegir les seves dades?<\/strong><\/p><p>Fem servir tots els esfor\u00e7os raonables per mantenir la confidencialitat de la informaci\u00f3 personal que es tracti en els nostres sistemes. Mantenim estrictes nivells de seguretat per protegir les dades de car\u00e0cter personal que processem enfront de p\u00e8rdues fortu\u00eftes i a accessos, tractaments o revelacions no autoritzats, tenint en compte l&#8217;estat de la tecnologia, la naturalesa i els riscos a qu\u00e8 estan exposats les dades. Tanmateix, no podem responsabilitzar-nos de l&#8217;\u00fas que Un. Faci de les dades (incl\u00f2s usuari i contrasenya) que utilitzi al nostre web. El nostre personal segueix estrictes normes de privacitat i en el cas que contractem a tercers per a prestar serveis de suport, els exigim que acatin les mateixes normes i ens permetin auditarles per verificar el seu compliment.<\/p><p><strong>Els seus drets: Quins drets pot exercir com a interessat?<\/strong><\/p><p>L&#8217;informem que podr\u00e0 exercir els seg\u00fcents drets:<\/p><p>a) Dret d&#8217;acc\u00e9s a les seves dades personals, per saber quines estan sent objecte de tractament i les operacions de tractament portades a terme amb ells;<br \/>b) Dret de rectificaci\u00f3 de qualsevol dada personal inexacte;<br \/>c) Dret de supressi\u00f3 de les seves dades personals, quan aix\u00f2 sigui possible (per exemple, per imperatiu legal);<br \/>d) Dret de limitaci\u00f3 de l&#8217;tractament de les seves dades personals quan l&#8217;exactitud, la legalitat o la necessitat de l&#8217;tractament de les dades resulti dubtosa, en aquest cas, podrem conservar-los per a l&#8217;exercici o la defensa de reclamacions.<br \/>e) Dret d&#8217;oposici\u00f3 a el tractament de les seves dades personals, quan la base legal que ens habiliti per al seu tractament de les indicades sigui el nostre inter\u00e8s leg\u00edtim. ALBERT NOGU\u00c9 POLA deixar\u00e0 de tractar les teves dades llevat que tingui un inter\u00e8s leg\u00edtim o sigui necessari per a la defensa de reclamacions.<br \/>f) Dret a la portabilitat de les dades, quan la base legal que ens habiliti per al seu tractament sigui l&#8217;exist\u00e8ncia d&#8217;una relaci\u00f3 contractual o el seu consentiment.<br \/>g) Dret a revocar el consentiment atorgat a ALBERT NOGU\u00c9 POLA.<\/p><p>Per exercitar els seus drets, pot fer-ho de manera gratu\u00efta i en qualsevol moment, contactant amb nosaltres a l&#8217;adre\u00e7a Av. Mare de D\u00e9u de Montserrat 4-6, 17480 Roses, Girona, adjuntant c\u00f2pia del seu DNI.<\/p><p><strong>Tutela de drets: On pot formular una reclamaci\u00f3?<\/strong><\/p><p>En el cas que entengui que els seus drets han estat desatesos per la nostra entitat, pot formular una reclamaci\u00f3 a l&#8217;Ag\u00e8ncia Espanyola de Protecci\u00f3 de Dades, a trav\u00e9s d&#8217;algun dels mitjans seg\u00fcents:<\/p><ul><li>Seu electr\u00f2nica: https:\/\/www.aepd.es<\/li><li>Correu postal: Ag\u00e8ncia Espanyola de Protecci\u00f3 de Dades, C \/ Jorge Juan, 6, 28001, Madrid<\/li><li>Tel\u00e8fon: 901.100.099 i 912.663.517<\/li><\/ul><p>Fer una reclamaci\u00f3 a l&#8217;Ag\u00e8ncia Espanyola de Protecci\u00f3 de Dades no comporta cap cost i no \u00e9s necess\u00e0ria l&#8217;assist\u00e8ncia d&#8217;advocat ni procurador.<\/p><p><br \/><strong>Actualitzacions: Quins canvis hi pot haver en aquesta Pol\u00edtica de privadesa?<\/strong><\/p><p>ALBERT NOGU\u00c9 POLA es reserva el dret a modificar la present pol\u00edtica per adaptar-la a novetats legislatives o jurisprudencials que puguin afectar el compliment de la mateixa.<\/p><p>A fi de garantir el compliment de la normativa sobre protecci\u00f3 de dades de car\u00e0cter personal, ALBERT NOGU\u00c9 POLA ha rebut els serveis de consultoria i assessorament per part de ClickDatos.<\/p>\t\t\t\t\t\t<\/div>\n\t\t\t\t<\/div>\n\t\t\t\t\t<\/div>\n\t\t<\/div>\n\t\t\t\t\t<\/div>\n\t\t<\/section>\n\t\t\t\t<\/div>\n\t\t","protected":false},"excerpt":{"rendered":"<p>Pol\u00edtiques de privacitat En compliment de l&#8217;Reglament (UE) 2016\/679 de el Parlament Europeu i de Consell, de 27 d&#8217;abril de 2016, relatiu a la protecci\u00f3 de les persones f\u00edsiques pel que fa a el tractament de dades personals, pel qual es deroga la directiva 95 \/ 46 \/ CE (d&#8217;ara endavant, RGPD), de la Llei [&hellip;]<\/p>\n","protected":false},"author":1,"featured_media":0,"parent":0,"menu_order":0,"comment_status":"closed","ping_status":"open","template":"elementor_header_footer","meta":{"footnotes":""},"class_list":["post-1028","page","type-page","status-publish","hentry","entry"],"_links":{"self":[{"href":"https:\/\/camacolchonroses.com\/ca\/wp-json\/wp\/v2\/pages\/1028"}],"collection":[{"href":"https:\/\/camacolchonroses.com\/ca\/wp-json\/wp\/v2\/pages"}],"about":[{"href":"https:\/\/camacolchonroses.com\/ca\/wp-json\/wp\/v2\/types\/page"}],"author":[{"embeddable":true,"href":"https:\/\/camacolchonroses.com\/ca\/wp-json\/wp\/v2\/users\/1"}],"replies":[{"embeddable":true,"href":"https:\/\/camacolchonroses.com\/ca\/wp-json\/wp\/v2\/comments?post=1028"}],"version-history":[{"count":12,"href":"https:\/\/camacolchonroses.com\/ca\/wp-json\/wp\/v2\/pages\/1028\/revisions"}],"predecessor-version":[{"id":5685,"href":"https:\/\/camacolchonroses.com\/ca\/wp-json\/wp\/v2\/pages\/1028\/revisions\/5685"}],"wp:attachment":[{"href":"https:\/\/camacolchonroses.com\/ca\/wp-json\/wp\/v2\/media?parent=1028"}],"curies":[{"name":"wp","href":"https:\/\/api.w.org\/{rel}","templated":true}]}}