{"id":1036,"date":"2019-07-19T09:10:00","date_gmt":"2019-07-19T09:10:00","guid":{"rendered":"https:\/\/camacolchonroses.com\/?page_id=1036"},"modified":"2021-05-15T21:53:02","modified_gmt":"2021-05-15T21:53:02","slug":"avis-legal","status":"publish","type":"page","link":"https:\/\/camacolchonroses.com\/ca\/avis-legal\/","title":{"rendered":"Av\u00eds Legal"},"content":{"rendered":"\t\t<div data-elementor-type=\"wp-page\" data-elementor-id=\"1036\" class=\"elementor elementor-1036\" data-elementor-post-type=\"page\">\n\t\t\t\t\t\t<section class=\"elementor-section elementor-top-section elementor-element elementor-element-b91b9ea elementor-section-content-middle elementor-section-boxed elementor-section-height-default elementor-section-height-default\" data-id=\"b91b9ea\" data-element_type=\"section\" data-settings=\"{&quot;background_background&quot;:&quot;classic&quot;}\">\n\t\t\t\t\t\t\t<div class=\"elementor-background-overlay\"><\/div>\n\t\t\t\t\t\t\t<div class=\"elementor-container elementor-column-gap-default\">\n\t\t\t\t\t<div class=\"elementor-column elementor-col-100 elementor-top-column elementor-element elementor-element-bfd65f9\" data-id=\"bfd65f9\" data-element_type=\"column\">\n\t\t\t<div class=\"elementor-widget-wrap elementor-element-populated\">\n\t\t\t\t\t\t<section class=\"elementor-section elementor-inner-section elementor-element elementor-element-20130e4 elementor-section-boxed elementor-section-height-default elementor-section-height-default\" data-id=\"20130e4\" data-element_type=\"section\">\n\t\t\t\t\t\t<div class=\"elementor-container elementor-column-gap-default\">\n\t\t\t\t\t<div class=\"elementor-column elementor-col-100 elementor-inner-column elementor-element elementor-element-4d0e7da\" data-id=\"4d0e7da\" data-element_type=\"column\">\n\t\t\t<div class=\"elementor-widget-wrap elementor-element-populated\">\n\t\t\t\t\t\t<div class=\"elementor-element elementor-element-63b3f81 elementor-widget elementor-widget-heading\" data-id=\"63b3f81\" data-element_type=\"widget\" data-widget_type=\"heading.default\">\n\t\t\t\t<div class=\"elementor-widget-container\">\n\t\t\t<h2 class=\"elementor-heading-title elementor-size-default\">Avis legal<\/h2>\t\t<\/div>\n\t\t\t\t<\/div>\n\t\t\t\t<div class=\"elementor-element elementor-element-772e4cb elementor-widget-divider--view-line elementor-widget elementor-widget-divider\" data-id=\"772e4cb\" data-element_type=\"widget\" data-widget_type=\"divider.default\">\n\t\t\t\t<div class=\"elementor-widget-container\">\n\t\t\t\t\t<div class=\"elementor-divider\">\n\t\t\t<span class=\"elementor-divider-separator\">\n\t\t\t\t\t\t<\/span>\n\t\t<\/div>\n\t\t\t\t<\/div>\n\t\t\t\t<\/div>\n\t\t\t\t\t<\/div>\n\t\t<\/div>\n\t\t\t\t\t<\/div>\n\t\t<\/section>\n\t\t\t\t\t<\/div>\n\t\t<\/div>\n\t\t\t\t\t<\/div>\n\t\t<\/section>\n\t\t\t\t<section class=\"elementor-section elementor-top-section elementor-element elementor-element-66cdf8eb elementor-section-boxed elementor-section-height-default elementor-section-height-default\" data-id=\"66cdf8eb\" data-element_type=\"section\">\n\t\t\t\t\t\t<div class=\"elementor-container elementor-column-gap-default\">\n\t\t\t\t\t<div class=\"elementor-column elementor-col-100 elementor-top-column elementor-element elementor-element-7355ef55\" data-id=\"7355ef55\" data-element_type=\"column\">\n\t\t\t<div class=\"elementor-widget-wrap elementor-element-populated\">\n\t\t\t\t\t\t<div class=\"elementor-element elementor-element-6e0088aa elementor-widget elementor-widget-text-editor\" data-id=\"6e0088aa\" data-element_type=\"widget\" data-widget_type=\"text-editor.default\">\n\t\t\t\t<div class=\"elementor-widget-container\">\n\t\t\t\t\t\t\t<p>En el present Av\u00eds Legal, l&#8217;Usuari, podr\u00e0 trobar tota la informaci\u00f3 relativa a les condicions legals que defineixen les relacions entre els usuaris i el responsable de la p\u00e0gina web accessible en l&#8217;adre\u00e7a URL http:\/\/www.moblesroses.com\/ (en endavant, el lloc web), que ALBERT NOGU\u00c9 POLA posa a disposici\u00f3 dels usuaris d&#8217;Internet.<br \/>La utilitzaci\u00f3 del lloc web implica l&#8217;acceptaci\u00f3 plena i sense reserves de totes i cadascuna de les disposicions incloses en aquest Av\u00eds Legal. En conseq\u00fc\u00e8ncia, l&#8217;usuari de la p\u00e0gina web ha de llegir atentament el present Av\u00eds Legal en cadascuna de les ocasions en qu\u00e8 es proposi utilitzar la web, ja que el text podria patir modificacions a criteri de l&#8217;titular del web, oa causa d&#8217;un canvi legislatiu , jurisprudencial o en la pr\u00e0ctica empresarial.<\/p><p><strong>1.- DADES DEL RESPONSABLE TITULAR DEL LLOC WEB<\/strong><\/p><ul><li>Nom de titular: ALBERT NOGU\u00c9 POLA<\/li><li>Domicili social: Av. Mare de D\u00e9u de Montserrat 4-6, 17480 Roses, Girona<\/li><li>C.I.F .: 77109392Y<br \/>Correu electr\u00f2nic: info@moblesroses.com<\/li><\/ul><p>ALBERT NOGU\u00c9 POLA, \u00e9s el responsable del Lloc Web i es compromet a complir amb tots els requisits nacionals i europeus que regulen l&#8217;\u00fas de les dades personals dels usuaris.<\/p><p>Aquest lloc web garanteix la protecci\u00f3 i confidencialitat de les dades personals que ens proporcionin d&#8217;acord amb el que disposa el Reglament General de Protecci\u00f3 de Dades de Car\u00e0cter Personal (UE) 2016\/679 de el Parlament Europeu i de Consell, de 27 d&#8217;abril de 2016 , en la Llei Org\u00e0nica 3\/2018, de Protecci\u00f3 de Dades Personals i garantia dels drets digitals, aix\u00ed com en la Llei de Serveis de la Societat de la Informaci\u00f3 i Comer\u00e7 Electr\u00f2nic 34\/2002 de 11 de Juliol (LSSI-CE).<\/p><p><strong>2.- OBJECTE<\/strong><\/p><p><br \/>El lloc web facilita als usuaris de la mateixa l&#8217;acc\u00e9s a informaci\u00f3 i serveis prestats per ALBERT NOGU\u00c9 POLA a aquelles persones o organitzacions interessades en els mateixos.<br \/>L&#8217;acc\u00e9s i la utilitzaci\u00f3 del Lloc Web atribueix la condici\u00f3 d&#8217;usuari del Lloc Web (d&#8217;ara endavant, &#8220;l&#8217;Usuari&#8221;) i implica l&#8217;acceptaci\u00f3 de totes les condicions incloses en aquest Av\u00eds Legal aix\u00ed com de les seves modificacions. La prestaci\u00f3 de servei del Lloc Web t\u00e9 una durada limitada a el moment en qu\u00e8 l&#8217;Usuari es trobi connectat a el Lloc Web o a algun dels serveis que a trav\u00e9s del mateix es faciliten. Per tant, l&#8217;Usuari ha de llegir atentament el present Av\u00eds Legal en cadascuna de les ocasions en qu\u00e8 es proposi utilitzar el Lloc Web, ja que aquest i les seves condicions d&#8217;\u00fas recollides en el present Av\u00eds Legal poden patir modificacions.<\/p><p><strong>3.- ACC\u00c9S I UTILITZACI\u00d3 DEL WEB<\/strong><\/p><p><br \/>3.1.- Car\u00e0cter gratu\u00eft de l&#8217;acc\u00e9s i utilitzaci\u00f3 de la web. L&#8217;acc\u00e9s a la web t\u00e9 car\u00e0cter gratu\u00eft per als usuaris de la mateixa, excepte pel que fa a el cost de la connexi\u00f3 a trav\u00e9s de la xarxa de telecomunicacions subministrada pel prove\u00efdor d&#8217;acc\u00e9s contractat pels usuaris.<br \/>3.2.- Registre d&#8217;usuaris. Amb car\u00e0cter general l&#8217;acc\u00e9s i utilitzaci\u00f3 del web no exigeix \u200b\u200bla pr\u00e8via subscripci\u00f3 o registre dels usuaris de la mateixa.<br \/>3.3.- Els usuaris garanteixen i responen, en qualsevol cas, de l&#8217;exactitud, vig\u00e8ncia i autenticitat de les dades personals facilitades, i es comprometen a mantenir-les degudament actualitzades. L&#8217;usuari accepta proporcionar informaci\u00f3 completa i correcta en el formulari de contacte o subscripci\u00f3.<br \/>En el cas dels menors de catorze anys es requereix el consentiment dels pares o tutors per al tractament de les seves dades personals.<br \/>En cap cas es demanaran el menor d&#8217;edat dades relatives a la situaci\u00f3 professional, econ\u00f2mica o a la intimitat dels altres membres de la fam\u00edlia, sense el consentiment d&#8217;aquests. Si ets menor de catorze anys i has accedit a aquest lloc web sense avisar als teus pares no has de registrar com a usuari.<br \/>En aquest web es respecten i cuiden les dades personals dels usuaris. Com a usuari has de saber que els teus drets estan garantits.<\/p><p><strong>4.- CONTINGUTS DE LA WEB<\/strong><\/p><p><br \/>L&#8217;idioma utilitzat pel titular a la web ser\u00e0 el castell\u00e0. ALBERT NOGU\u00c9 POLA no es responsabilitza de la no comprensi\u00f3 o enteniment de l&#8217;idioma del web per l&#8217;usuari, ni de les seves conseq\u00fc\u00e8ncies.<br \/>ALBERT NOGU\u00c9 POLA podr\u00e0 modificar els continguts sense previ av\u00eds, aix\u00ed com suprimir i canviar aquests dins de la web, com la forma en qu\u00e8 s&#8217;accedeix a aquests, sense cap justificaci\u00f3 i lliurement, no responsabilitzant-se de les conseq\u00fc\u00e8ncies que els mateixos puguin ocasionar als usuaris.<br \/>Es prohibeix l&#8217;\u00fas dels continguts del web per promocionar, contractar o divulgar publicitat o informaci\u00f3 pr\u00f2pia o de terceres persones sense l&#8217;autoritzaci\u00f3 de ALBERT NOGU\u00c9 POLA, ni remetre publicitat o informaci\u00f3 valent-se per a aix\u00f2 dels serveis o informaci\u00f3 que es posen a disposici\u00f3 dels usuaris, independentment de si la utilitzaci\u00f3 \u00e9s gratu\u00efta o no.<br \/>Els enlla\u00e7os o hiperenlla\u00e7os que incorporin tercers a les seves p\u00e0gines web, dirigits a aquest web, seran per a l&#8217;obertura de la p\u00e0gina web completa, no podent manifestar, directament o indirectament, indicacions falses, inexactes o confuses, ni inc\u00f3rrer en accions deslleials o il\u00b7l\u00edcites en contra de ALBERT NOGU\u00c9 POLA<\/p><p><strong>5.- MESURES DE SEGURETAT<\/strong><\/p><p><br \/>Les dades personals comunicades per l&#8217;usuari podran ser emmagatzemats en bases de dades automatitzades o no, la titularitat correspon en exclusiva a ALBERT NOGU\u00c9 POLA, assumint totes les mesures d&#8217;\u00edndole t\u00e8cnica, organitzativa i de seguretat que garanteixin la confidencialitat, integritat i qualitat de la informaci\u00f3 continguda en les mateixes d&#8217;acord amb el que estableixen les normatives vigents en mat\u00e8ria de protecci\u00f3 de dades de car\u00e0cter personal.<\/p><p><br \/><strong>6.- LIMITACI\u00d3 DE RESPONSABILITAT<\/strong><\/p><p><br \/>Tant l&#8217;acc\u00e9s al web com l&#8217;\u00fas no consentit que pugui efectuar-se de la informaci\u00f3 continguda en la mateixa \u00e9s de l&#8217;exclusiva responsabilitat de qui ho realitza. ALBERT NOGU\u00c9 POLA no respondr\u00e0 de cap conseq\u00fc\u00e8ncia, dany o perjudici que poguessin derivar d&#8217;aquest acc\u00e9s o \u00fas. ALBERT NOGU\u00c9 POLA no es fa responsable dels errors de seguretat, que es puguin produir ni dels danys que puguin causar-se a el sistema inform\u00e0tic de l&#8217;usuari (maquinari i programari), o als fitxers o documents emmagatzemats en el mateix, com a conseq\u00fc\u00e8ncia de:<br \/>&#8211; la pres\u00e8ncia d&#8217;un virus a l&#8217;ordinador de l&#8217;usuari que sigui utilitzat per la connexi\u00f3 als serveis i continguts del web.<br \/>&#8211; un mal funcionament del navegador.<br \/>&#8211; i \/ o de l&#8217;\u00fas de versions no actualitzades d&#8217;aquest.<br \/>ALBERT NOGU\u00c9 POLA no es fa responsable de la fiabilitat i rapidesa dels hiperenlla\u00e7os que s&#8217;incorporin al web per a l&#8217;obertura d&#8217;altres. ALBERT NOGU\u00c9 POLA no garanteix la utilitat d&#8217;aquests enlla\u00e7os, ni es responsabilitza dels continguts o serveis als quals pugui accedir l&#8217;usuari per mitj\u00e0 d&#8217;aquests enlla\u00e7os, ni de bon funcionament d&#8217;aquestes webs.<\/p><p>ALBERT NOGU\u00c9 POLA no ser\u00e0 responsable dels virus o altres programes inform\u00e0tics que deteriorin o puguin deteriorar els sistemes o equips inform\u00e0tics dels usuaris a l&#8217;accedir al seu web o altres webs a les que s&#8217;hagi accedit mitjan\u00e7ant enlla\u00e7os d&#8217;aquest web.<\/p><p><strong>7.- OCUPACI\u00d3 DE LA TECNOLOGIA &#8220;COOKIES&#8221;<\/strong><\/p><p><br \/>El lloc web pot emprar cookies o tecnologies similars que es regiran pel que estableix la Pol\u00edtica de Cookies, accessible en tot moment i respectant la confidencialitat i intimitat de l&#8217;usuari, sent part integrant de el present Av\u00eds Legal.<\/p><p><strong>8.- NAVEGACI\u00d3<\/strong><\/p><p><br \/>Els servidors d&#8217;Internet poden recollir dades no identificables, que puguin incloure, adreces IP, i altres dades que no poden ser utilitzats per identificar l&#8217;usuari. La seva adre\u00e7a IP s&#8217;emmagatzemar\u00e0 en els logs d&#8217;acc\u00e9s de forma autom\u00e0tica i amb la \u00fanica finalitat de permetre el tr\u00e0nsit per Internet, sent necessari que el seu equip faciliti aquesta adre\u00e7a IP quan navega per Internet perqu\u00e8 les comunicacions puguin realitzar-se. Aix\u00ed mateix, l&#8217;adre\u00e7a IP pot ser utilitzada per realitzar estad\u00edstiques, de manera anonimitzada, sobre el nombre de visitants d&#8217;aquesta web i la seva proced\u00e8ncia, de forma totalment transparent a la seva navegaci\u00f3.<\/p><p><br \/><strong>9.- PROPIETAT INTEL\u00b7LECTUAL I INDUSTRIAL<\/strong><\/p><p><br \/>L&#8217;usuari coneix i accepta que tots els continguts i \/ o qualssevol altres elements de la web s\u00f3n propietat de ALBERT NOGU\u00c9 POLA, i es compromet a respectar els drets de propietat intel\u00b7lectual i industrial titularitat de ALBERT NOGU\u00c9 POLA i \/ o de tercers. Qualsevol \u00fas del web o els seus continguts haur\u00e0 de tenir un car\u00e0cter exclusivament particular<br \/>Est\u00e0 reservat exclusivament a ALBERT NOGU\u00c9 POLA, qualsevol altre \u00fas que suposi la c\u00f2pia, reproducci\u00f3, distribuci\u00f3, transformaci\u00f3, comunicaci\u00f3 p\u00fablica o qualsevol altra acci\u00f3 similar, de tot o part dels continguts del web, de manera que cap usuari podr\u00e0 dur a terme aquestes accions sense l&#8217;autoritzaci\u00f3 pr\u00e8via i per escrit de ALBERT NOGU\u00c9 POLA.<\/p><p><br \/><strong>10.- LEGISLACI\u00d3 APLICABLE I JURISDICCI\u00d3 COMPETENT<\/strong><\/p><p><br \/>El present Av\u00eds Legal s&#8217;interpretar\u00e0 i regir\u00e0 de conformitat amb la legislaci\u00f3 espanyola. ALBERT NOGU\u00c9 POLA i els usuaris, amb ren\u00fancia expressa a qualsevol altre fur que pogu\u00e9s correspondre&#8217;ls, se sotmeten a el dels jutjats i tribunals de el domicili de l&#8217;usuari per a qualsevol controv\u00e8rsia que pogu\u00e9s derivar-se de l&#8217;acc\u00e9s o \u00fas de la web. En el cas que l&#8217;usuari tingui el seu domicili fora d&#8217;Espanya, &#8220;i l&#8217;usuari, es sotmeten, amb ren\u00fancia expressa a qualsevol altre fur, als jutjats i tribunals de la ciutat de Girona.<\/p><p>\u00a0<\/p>\t\t\t\t\t\t<\/div>\n\t\t\t\t<\/div>\n\t\t\t\t\t<\/div>\n\t\t<\/div>\n\t\t\t\t\t<\/div>\n\t\t<\/section>\n\t\t\t\t<\/div>\n\t\t","protected":false},"excerpt":{"rendered":"<p>Avis legal En el present Av\u00eds Legal, l&#8217;Usuari, podr\u00e0 trobar tota la informaci\u00f3 relativa a les condicions legals que defineixen les relacions entre els usuaris i el responsable de la p\u00e0gina web accessible en l&#8217;adre\u00e7a URL http:\/\/www.moblesroses.com\/ (en endavant, el lloc web), que ALBERT NOGU\u00c9 POLA posa a disposici\u00f3 dels usuaris d&#8217;Internet.La utilitzaci\u00f3 del lloc [&hellip;]<\/p>\n","protected":false},"author":1,"featured_media":0,"parent":0,"menu_order":0,"comment_status":"closed","ping_status":"closed","template":"elementor_header_footer","meta":{"footnotes":""},"class_list":["post-1036","page","type-page","status-publish","hentry","entry"],"_links":{"self":[{"href":"https:\/\/camacolchonroses.com\/ca\/wp-json\/wp\/v2\/pages\/1036"}],"collection":[{"href":"https:\/\/camacolchonroses.com\/ca\/wp-json\/wp\/v2\/pages"}],"about":[{"href":"https:\/\/camacolchonroses.com\/ca\/wp-json\/wp\/v2\/types\/page"}],"author":[{"embeddable":true,"href":"https:\/\/camacolchonroses.com\/ca\/wp-json\/wp\/v2\/users\/1"}],"replies":[{"embeddable":true,"href":"https:\/\/camacolchonroses.com\/ca\/wp-json\/wp\/v2\/comments?post=1036"}],"version-history":[{"count":15,"href":"https:\/\/camacolchonroses.com\/ca\/wp-json\/wp\/v2\/pages\/1036\/revisions"}],"predecessor-version":[{"id":5686,"href":"https:\/\/camacolchonroses.com\/ca\/wp-json\/wp\/v2\/pages\/1036\/revisions\/5686"}],"wp:attachment":[{"href":"https:\/\/camacolchonroses.com\/ca\/wp-json\/wp\/v2\/media?parent=1036"}],"curies":[{"name":"wp","href":"https:\/\/api.w.org\/{rel}","templated":true}]}}