{"id":1254,"date":"2019-07-20T21:00:48","date_gmt":"2019-07-20T21:00:48","guid":{"rendered":"https:\/\/camacolchonroses.com\/?page_id=1254"},"modified":"2021-05-15T22:46:41","modified_gmt":"2021-05-15T22:46:41","slug":"aviso-legal-ger","status":"publish","type":"page","link":"https:\/\/camacolchonroses.com\/de\/aviso-legal-ger\/","title":{"rendered":"Rechtliche Warnung"},"content":{"rendered":"\t\t<div data-elementor-type=\"wp-page\" data-elementor-id=\"1254\" class=\"elementor elementor-1254\" data-elementor-post-type=\"page\">\n\t\t\t\t\t\t<section class=\"elementor-section elementor-top-section elementor-element elementor-element-e28d46a elementor-section-content-middle elementor-section-boxed elementor-section-height-default elementor-section-height-default\" data-id=\"e28d46a\" data-element_type=\"section\" data-settings=\"{&quot;background_background&quot;:&quot;classic&quot;}\">\n\t\t\t\t\t\t\t<div class=\"elementor-background-overlay\"><\/div>\n\t\t\t\t\t\t\t<div class=\"elementor-container elementor-column-gap-default\">\n\t\t\t\t\t<div class=\"elementor-column elementor-col-100 elementor-top-column elementor-element elementor-element-5eb5c9f\" data-id=\"5eb5c9f\" data-element_type=\"column\">\n\t\t\t<div class=\"elementor-widget-wrap elementor-element-populated\">\n\t\t\t\t\t\t<section class=\"elementor-section elementor-inner-section elementor-element elementor-element-84dac47 elementor-section-boxed elementor-section-height-default elementor-section-height-default\" data-id=\"84dac47\" data-element_type=\"section\">\n\t\t\t\t\t\t<div class=\"elementor-container elementor-column-gap-default\">\n\t\t\t\t\t<div class=\"elementor-column elementor-col-100 elementor-inner-column elementor-element elementor-element-f1b2f65\" data-id=\"f1b2f65\" data-element_type=\"column\">\n\t\t\t<div class=\"elementor-widget-wrap elementor-element-populated\">\n\t\t\t\t\t\t<div class=\"elementor-element elementor-element-72163e0 elementor-widget elementor-widget-heading\" data-id=\"72163e0\" data-element_type=\"widget\" data-widget_type=\"heading.default\">\n\t\t\t\t<div class=\"elementor-widget-container\">\n\t\t\t<h2 class=\"elementor-heading-title elementor-size-default\">Rechtliche Warnung<\/h2>\t\t<\/div>\n\t\t\t\t<\/div>\n\t\t\t\t<div class=\"elementor-element elementor-element-68690bd elementor-widget-divider--view-line elementor-widget elementor-widget-divider\" data-id=\"68690bd\" data-element_type=\"widget\" data-widget_type=\"divider.default\">\n\t\t\t\t<div class=\"elementor-widget-container\">\n\t\t\t\t\t<div class=\"elementor-divider\">\n\t\t\t<span class=\"elementor-divider-separator\">\n\t\t\t\t\t\t<\/span>\n\t\t<\/div>\n\t\t\t\t<\/div>\n\t\t\t\t<\/div>\n\t\t\t\t\t<\/div>\n\t\t<\/div>\n\t\t\t\t\t<\/div>\n\t\t<\/section>\n\t\t\t\t\t<\/div>\n\t\t<\/div>\n\t\t\t\t\t<\/div>\n\t\t<\/section>\n\t\t\t\t<section class=\"elementor-section elementor-top-section elementor-element elementor-element-7001452c elementor-section-boxed elementor-section-height-default elementor-section-height-default\" data-id=\"7001452c\" data-element_type=\"section\">\n\t\t\t\t\t\t<div class=\"elementor-container elementor-column-gap-default\">\n\t\t\t\t\t<div class=\"elementor-column elementor-col-100 elementor-top-column elementor-element elementor-element-24d97f5a\" data-id=\"24d97f5a\" data-element_type=\"column\">\n\t\t\t<div class=\"elementor-widget-wrap elementor-element-populated\">\n\t\t\t\t\t\t<div class=\"elementor-element elementor-element-30b8c077 elementor-widget elementor-widget-text-editor\" data-id=\"30b8c077\" data-element_type=\"widget\" data-widget_type=\"text-editor.default\">\n\t\t\t\t<div class=\"elementor-widget-container\">\n\t\t\t\t\t\t\t<p>In diesem rechtlichen Hinweis kann der Benutzer unter der URL http:\/\/www.moblesroses.com\/ alle Informationen zu den rechtlichen Bedingungen finden, die die Beziehungen zwischen den Benutzern und der f\u00fcr die zug\u00e4ngliche Webseite verantwortlichen Person definieren. (im Folgenden die Website), die ALBERT NOGU\u00c9 POLA Internetnutzern zur Verf\u00fcgung stellt.<\/p><p><br \/>Die Nutzung der Website setzt die uneingeschr\u00e4nkte und vorbehaltlose Annahme aller in diesem rechtlichen Hinweis enthaltenen Bestimmungen voraus. Infolgedessen muss der Benutzer der Website diesen rechtlichen Hinweis bei jeder Gelegenheit, bei der er die Website nutzen m\u00f6chte, sorgf\u00e4ltig lesen, da der Text nach Ermessen des Inhabers der Website oder aufgrund einer Gesetzes\u00e4nderung ge\u00e4ndert werden kann. Rechtsprechung oder Gesch\u00e4ftspraxis.<\/p><p><strong>1.- DATEN DES VERANTWORTLICHEN EIGENT\u00dcMERS DER WEBSITE<\/strong><\/p><ul><li><strong>Name des Besitzers:<\/strong> ALBERT NOGU\u00c9 POLA<br \/><strong>Sitz der Gesellschaft:<\/strong> Avda. Stute de Deu de Montserrat 4-6, 17480 Roses, Girona<\/li><li><strong>C. I. F .:<\/strong> 77109392Y<br \/><strong>E-Mail:<\/strong> info@moblesroses.com<\/li><\/ul><p>ALBERT NOGU\u00c9 POLA ist f\u00fcr die Website verantwortlich und verpflichtet sich, alle nationalen und europ\u00e4ischen Anforderungen zu erf\u00fcllen, die die Verwendung der personenbezogenen Daten der Benutzer regeln.<\/p><p>Diese Website garantiert den Schutz und die Vertraulichkeit der personenbezogenen Daten, die Sie uns gem\u00e4\u00df den Bestimmungen der Allgemeinen Verordnung zum Schutz personenbezogener Daten (EU) 2016\/679 des Europ\u00e4ischen Parlaments und des Rates vom 27. April 2016 zur Verf\u00fcgung stellen. im Organgesetz 3\/2018 \u00fcber den Schutz personenbezogener Daten und die Gew\u00e4hrleistung digitaler Rechte sowie im Gesetz \u00fcber die Dienste der Informationsgesellschaft und des elektronischen Gesch\u00e4ftsverkehrs 34\/2002 vom 11. Juli (LSSI-CE).<\/p><p><strong>2.- OBJEKT<\/strong><\/p><p><br \/>Die Website bietet Benutzern derselben Zugriff auf Informationen und Dienste, die von ALBERT NOGU\u00c9 POLA f\u00fcr die an ihnen interessierten Personen oder Organisationen bereitgestellt werden.<br \/>Der Zugriff auf und die Nutzung der Website bestimmen den Zustand des Benutzers der Website (im Folgenden &#8222;Benutzer&#8220;) und implizieren die Akzeptanz aller in diesem rechtlichen Hinweis enthaltenen Bedingungen sowie deren \u00c4nderungen. Die Bereitstellung des Website-Dienstes hat eine begrenzte Dauer in dem Moment, in dem der Benutzer mit der Website oder einem der \u00fcber ihn bereitgestellten Dienste verbunden ist. Daher muss der Benutzer diesen rechtlichen Hinweis bei jeder Gelegenheit, bei der er die Website nutzen m\u00f6chte, sorgf\u00e4ltig lesen, da er und seine in diesem rechtlichen Hinweis enthaltenen Nutzungsbedingungen \u00c4nderungen unterliegen k\u00f6nnen.<\/p><p><strong>3.- ZUGRIFF UND NUTZUNG DES WEBS<\/strong><\/p><p><br \/>3.1.- Freier Zugang und Nutzung der Website. Der Zugriff auf die Website ist f\u00fcr die Benutzer kostenlos, mit Ausnahme der Kosten f\u00fcr die Verbindung \u00fcber das Telekommunikationsnetz, das von dem von den Benutzern beauftragten Zugangsanbieter bereitgestellt wird.<br \/>3.2.- Benutzerregistrierung. F\u00fcr den Zugriff und die Nutzung der Website ist im Allgemeinen kein vorheriges Abonnement oder keine Registrierung der Benutzer erforderlich.<br \/>3.3.- Benutzer garantieren und reagieren in jedem Fall auf die Richtigkeit, G\u00fcltigkeit und Authentizit\u00e4t der bereitgestellten personenbezogenen Daten und verpflichten sich, diese ordnungsgem\u00e4\u00df auf dem neuesten Stand zu halten. Der Benutzer verpflichtet sich, vollst\u00e4ndige und korrekte Informationen im Kontakt- oder Abonnementformular anzugeben.<br \/>Bei Minderj\u00e4hrigen unter vierzehn Jahren ist f\u00fcr die Verarbeitung ihrer personenbezogenen Daten die Zustimmung der Eltern oder Erziehungsberechtigten erforderlich.<br \/>In keinem Fall werden Daten \u00fcber die berufliche, wirtschaftliche Situation oder die Privatsph\u00e4re der anderen Familienmitglieder ohne deren Zustimmung vom Minderj\u00e4hrigen erhoben. Wenn Sie unter vierzehn Jahre alt sind und auf diese Website zugegriffen haben, ohne Ihre Eltern zu benachrichtigen, sollten Sie sich nicht als Benutzer registrieren.<br \/>Auf dieser Website werden die pers\u00f6nlichen Daten der Benutzer respektiert und gepflegt. Als Benutzer sollten Sie wissen, dass Ihre Rechte garantiert sind.<\/p><p><strong>4.- INHALT DES WEBS<\/strong><\/p><p><br \/>Die vom Eigent\u00fcmer im Internet verwendete Sprache ist Spanisch. ALBERT NOGU\u00c9 POLA ist weder f\u00fcr das mangelnde Verst\u00e4ndnis oder Verst\u00e4ndnis der Sprache des Webs durch den Benutzer noch f\u00fcr deren Folgen verantwortlich.<br \/>ALBERT NOGU\u00c9 POLA kann den Inhalt ohne vorherige Ank\u00fcndigung \u00e4ndern sowie diese im Web l\u00f6schen und \u00e4ndern, z. B. die Art und Weise, wie auf sie zugegriffen wird, ohne Begr\u00fcndung und frei, ohne f\u00fcr die Folgen verantwortlich zu sein, die sie f\u00fcr Benutzer verursachen k\u00f6nnen . Benutzer.<br \/>Die Nutzung der Inhalte des Webs zur F\u00f6rderung, Vergabe oder Verbreitung von Werbung oder Informationen f\u00fcr sich selbst oder f\u00fcr Dritte ohne die Genehmigung von ALBERT NOGU\u00c9 POLA oder zum Versenden von Werbung oder Informationen unter Verwendung der Dienste oder Informationen, die f\u00fcr diesen Zweck zur Verf\u00fcgung gestellt werden ist den Nutzern untersagt, unabh\u00e4ngig davon, ob die Nutzung kostenlos ist oder nicht.<br \/>Die Links oder Hyperlinks, die Dritte in ihre Webseiten aufnehmen und auf diese Webseite verweisen, dienen zum \u00d6ffnen der gesamten Webseite und k\u00f6nnen weder direkt noch indirekt falsche, ungenaue oder verwirrende Angaben ausdr\u00fccken oder in unfairer Weise auftreten oder illegale Handlungen gegen ALBERT NOGU\u00c9 POLA<\/p><p><strong>5.- SICHERHEITSMASSNAHMEN<\/strong><\/p><p><br \/>Die vom Benutzer \u00fcbermittelten personenbezogenen Daten k\u00f6nnen in automatisierten Datenbanken gespeichert werden oder nicht, deren Eigentum ausschlie\u00dflich ALBERT NOGU\u00c9 POLA entspricht, sofern alle technischen, organisatorischen und sicherheitstechnischen Ma\u00dfnahmen getroffen werden, die die Vertraulichkeit, Integrit\u00e4t und Qualit\u00e4t der darin enthaltenen Informationen gem\u00e4\u00df den Bestimmungen des Gesetzes gew\u00e4hrleisten Bestimmungen der geltenden Vorschriften zum Schutz personenbezogener Daten.<\/p><p><br \/><strong>6.- HAFTUNGSBESCHR\u00c4NKUNG<\/strong><\/p><p><br \/>Sowohl der Zugriff auf die Website als auch die nicht einvernehmliche Verwendung der darin enthaltenen Informationen liegen in der alleinigen Verantwortung der Person, die sie ausf\u00fchrt. ALBERT NOGU\u00c9 POLA haftet nicht f\u00fcr Konsequenzen, Sch\u00e4den oder Sch\u00e4den, die durch diesen Zugang oder diese Verwendung entstehen k\u00f6nnen. ALBERT NOGU\u00c9 POLA ist nicht verantwortlich f\u00fcr Sicherheitsfehler, die auftreten k\u00f6nnen, oder f\u00fcr Sch\u00e4den, die am Computersystem des Benutzers (Hardware und Software) oder an den darin gespeicherten Dateien oder Dokumenten verursacht werden k\u00f6nnen, und zwar aufgrund von:<\/p><ul><li>Das Vorhandensein eines Virus auf dem Computer des Benutzers, mit dem eine Verbindung zu den Diensten und Inhalten des Webs hergestellt wird.<\/li><li>eine Fehlfunktion des Browsers.<\/li><li>und \/ oder die Verwendung nicht aktualisierter Versionen davon.<\/li><\/ul><p><br \/>ALBERT NOGU\u00c9 POLA ist nicht verantwortlich f\u00fcr die Zuverl\u00e4ssigkeit und Geschwindigkeit der Hyperlinks, die zum \u00d6ffnen anderer in das Web integriert werden. ALBERT NOGU\u00c9 POLA garantiert weder die N\u00fctzlichkeit dieser Links noch ist es verantwortlich f\u00fcr die Inhalte oder Dienste, auf die der Benutzer \u00fcber diese Links zugreifen kann, noch f\u00fcr das ordnungsgem\u00e4\u00dfe Funktionieren dieser Websites.<\/p><p>ALBERT NOGU\u00c9 POLA ist nicht verantwortlich f\u00fcr Viren oder andere Computerprogramme, die die Computersysteme oder Ger\u00e4te der Benutzer beim Zugriff auf ihre Website oder andere Websites, auf die \u00fcber Links auf dieser Website zugegriffen wurde, verschlechtern oder verschlechtern k\u00f6nnen.<\/p><p><strong>7.- VERWENDUNG DER &#8222;COOKIE&#8220; -TECHNOLOGIE<\/strong><\/p><p><br \/>Die Website verwendet m\u00f6glicherweise Cookies oder \u00e4hnliche Technologien, die den Bestimmungen der Cookie-Richtlinie unterliegen, die jederzeit zug\u00e4nglich sind und die Vertraulichkeit und Privatsph\u00e4re des Benutzers respektieren. Dies ist ein wesentlicher Bestandteil dieses rechtlichen Hinweises.<\/p><p><strong>8. NAVIGATION<\/strong><\/p><p><br \/>Internet-Server k\u00f6nnen nicht identifizierbare Daten erfassen, einschlie\u00dflich IP-Adressen, und andere Daten, die nicht zur Identifizierung des Benutzers verwendet werden k\u00f6nnen. Ihre IP-Adresse wird automatisch in den Zugriffsprotokollen gespeichert, um den Internet-Transit zu erm\u00f6glichen. Ihr Computer muss diese IP-Adresse beim Surfen im Internet angeben, damit die Kommunikation ausgef\u00fchrt werden kann. Ebenso kann die IP-Adresse verwendet werden, um anonymisierte Statistiken \u00fcber die Anzahl der Besucher dieser Website und deren Herkunft auf v\u00f6llig transparente Weise f\u00fcr Ihr Surfen zu erstellen.<\/p><p><br \/><strong>9.- GEISTIGES UND INDUSTRIELLES EIGENTUM<\/strong><\/p><p><br \/>Der Benutzer wei\u00df und akzeptiert, dass alle Inhalte und \/ oder sonstigen Elemente der Website Eigentum von ALBERT NOGU\u00c9 POLA sind, und verpflichtet sich, die geistigen und gewerblichen Schutzrechte von ALBERT NOGU\u00c9 POLA und \/ oder Dritten zu respektieren. Jede Nutzung der Website oder ihrer Inhalte darf ausschlie\u00dflich privat sein.<br \/>Jede andere Verwendung, die das Kopieren, Vervielf\u00e4ltigen, Verteilen, Umwandeln, die \u00f6ffentliche Kommunikation oder eine \u00e4hnliche Aktion des gesamten oder eines Teils des Webinhalts umfasst, ist ausschlie\u00dflich ALBERT NOGU\u00c9 POLA vorbehalten, sodass kein Benutzer diese Aktionen ausf\u00fchren darf ohne vorherige schriftliche Genehmigung von ALBERT NOGU\u00c9 POLA.<\/p><p><br \/><strong>10.- ANWENDBARE GESETZGEBUNG UND KOMPETENTE GERICHTSSTAND<\/strong><\/p><p><br \/>Dieser rechtliche Hinweis wird in \u00dcbereinstimmung mit der spanischen Gesetzgebung ausgelegt und geregelt. ALBERT NOGU\u00c9 POLA und die Benutzer, die ausdr\u00fccklich auf andere Gerichtsbarkeiten verzichten, die ihnen entsprechen, unterbreiten den Gerichten des Wohnsitzes des Benutzers alle Kontroversen, die sich aus dem Zugriff auf oder der Nutzung der Website ergeben. F\u00fcr den Fall, dass der Nutzer seinen Wohnsitz au\u00dferhalb Spaniens hat &#8222;und der Nutzer sich ausdr\u00fccklich unter Verzicht auf eine andere Zust\u00e4ndigkeit den Gerichten der Stadt Girona unterwirft.<\/p>\t\t\t\t\t\t<\/div>\n\t\t\t\t<\/div>\n\t\t\t\t\t<\/div>\n\t\t<\/div>\n\t\t\t\t\t<\/div>\n\t\t<\/section>\n\t\t\t\t<\/div>\n\t\t","protected":false},"excerpt":{"rendered":"<p>Rechtliche Warnung In diesem rechtlichen Hinweis kann der Benutzer unter der URL http:\/\/www.moblesroses.com\/ alle Informationen zu den rechtlichen Bedingungen finden, die die Beziehungen zwischen den Benutzern und der f\u00fcr die zug\u00e4ngliche Webseite verantwortlichen Person definieren. (im Folgenden die Website), die ALBERT NOGU\u00c9 POLA Internetnutzern zur Verf\u00fcgung stellt. Die Nutzung der Website setzt die uneingeschr\u00e4nkte und [&hellip;]<\/p>\n","protected":false},"author":1,"featured_media":0,"parent":0,"menu_order":0,"comment_status":"closed","ping_status":"closed","template":"elementor_header_footer","meta":{"footnotes":""},"class_list":["post-1254","page","type-page","status-publish","hentry","entry"],"_links":{"self":[{"href":"https:\/\/camacolchonroses.com\/de\/wp-json\/wp\/v2\/pages\/1254"}],"collection":[{"href":"https:\/\/camacolchonroses.com\/de\/wp-json\/wp\/v2\/pages"}],"about":[{"href":"https:\/\/camacolchonroses.com\/de\/wp-json\/wp\/v2\/types\/page"}],"author":[{"embeddable":true,"href":"https:\/\/camacolchonroses.com\/de\/wp-json\/wp\/v2\/users\/1"}],"replies":[{"embeddable":true,"href":"https:\/\/camacolchonroses.com\/de\/wp-json\/wp\/v2\/comments?post=1254"}],"version-history":[{"count":12,"href":"https:\/\/camacolchonroses.com\/de\/wp-json\/wp\/v2\/pages\/1254\/revisions"}],"predecessor-version":[{"id":5515,"href":"https:\/\/camacolchonroses.com\/de\/wp-json\/wp\/v2\/pages\/1254\/revisions\/5515"}],"wp:attachment":[{"href":"https:\/\/camacolchonroses.com\/de\/wp-json\/wp\/v2\/media?parent=1254"}],"curies":[{"name":"wp","href":"https:\/\/api.w.org\/{rel}","templated":true}]}}