{"id":1261,"date":"2019-07-20T21:06:34","date_gmt":"2019-07-20T21:06:34","guid":{"rendered":"https:\/\/camacolchonroses.com\/?page_id=1261"},"modified":"2021-05-15T21:30:53","modified_gmt":"2021-05-15T21:30:53","slug":"politica-de-privacidad-ger","status":"publish","type":"page","link":"https:\/\/camacolchonroses.com\/de\/politica-de-privacidad-ger\/","title":{"rendered":"Datenschutz-Bestimmungen"},"content":{"rendered":"\t\t<div data-elementor-type=\"wp-post\" data-elementor-id=\"1261\" class=\"elementor elementor-1261\" data-elementor-post-type=\"page\">\n\t\t\t\t\t\t<section class=\"elementor-section elementor-top-section elementor-element elementor-element-bc485e3 elementor-section-content-middle elementor-section-boxed elementor-section-height-default elementor-section-height-default\" data-id=\"bc485e3\" data-element_type=\"section\" data-settings=\"{&quot;background_background&quot;:&quot;classic&quot;}\">\n\t\t\t\t\t\t\t<div class=\"elementor-background-overlay\"><\/div>\n\t\t\t\t\t\t\t<div class=\"elementor-container elementor-column-gap-default\">\n\t\t\t\t\t<div class=\"elementor-column elementor-col-100 elementor-top-column elementor-element elementor-element-27882c9\" data-id=\"27882c9\" data-element_type=\"column\">\n\t\t\t<div class=\"elementor-widget-wrap elementor-element-populated\">\n\t\t\t\t\t\t<section class=\"elementor-section elementor-inner-section elementor-element elementor-element-0598933 elementor-section-boxed elementor-section-height-default elementor-section-height-default\" data-id=\"0598933\" data-element_type=\"section\">\n\t\t\t\t\t\t<div class=\"elementor-container elementor-column-gap-default\">\n\t\t\t\t\t<div class=\"elementor-column elementor-col-100 elementor-inner-column elementor-element elementor-element-bf06e13\" data-id=\"bf06e13\" data-element_type=\"column\">\n\t\t\t<div class=\"elementor-widget-wrap elementor-element-populated\">\n\t\t\t\t\t\t<div class=\"elementor-element elementor-element-22d6493 elementor-widget elementor-widget-heading\" data-id=\"22d6493\" data-element_type=\"widget\" data-widget_type=\"heading.default\">\n\t\t\t\t<div class=\"elementor-widget-container\">\n\t\t\t<h2 class=\"elementor-heading-title elementor-size-default\">Datenschutzbestimmungen<\/h2>\t\t<\/div>\n\t\t\t\t<\/div>\n\t\t\t\t<div class=\"elementor-element elementor-element-d3e87c9 elementor-widget-divider--view-line elementor-widget elementor-widget-divider\" data-id=\"d3e87c9\" data-element_type=\"widget\" data-widget_type=\"divider.default\">\n\t\t\t\t<div class=\"elementor-widget-container\">\n\t\t\t\t\t<div class=\"elementor-divider\">\n\t\t\t<span class=\"elementor-divider-separator\">\n\t\t\t\t\t\t<\/span>\n\t\t<\/div>\n\t\t\t\t<\/div>\n\t\t\t\t<\/div>\n\t\t\t\t\t<\/div>\n\t\t<\/div>\n\t\t\t\t\t<\/div>\n\t\t<\/section>\n\t\t\t\t\t<\/div>\n\t\t<\/div>\n\t\t\t\t\t<\/div>\n\t\t<\/section>\n\t\t\t\t<section class=\"elementor-section elementor-top-section elementor-element elementor-element-7a7a37b1 elementor-section-boxed elementor-section-height-default elementor-section-height-default\" data-id=\"7a7a37b1\" data-element_type=\"section\">\n\t\t\t\t\t\t<div class=\"elementor-container elementor-column-gap-default\">\n\t\t\t\t\t<div class=\"elementor-column elementor-col-100 elementor-top-column elementor-element elementor-element-7b486be5\" data-id=\"7b486be5\" data-element_type=\"column\">\n\t\t\t<div class=\"elementor-widget-wrap elementor-element-populated\">\n\t\t\t\t\t\t<div class=\"elementor-element elementor-element-6a0c2c06 elementor-widget elementor-widget-text-editor\" data-id=\"6a0c2c06\" data-element_type=\"widget\" data-widget_type=\"text-editor.default\">\n\t\t\t\t<div class=\"elementor-widget-container\">\n\t\t\t\t\t\t\t<p>In \u00dcbereinstimmung mit der Verordnung (EU) 2016\/679 des Europ\u00e4ischen Parlaments und des Rates vom 27. April 2016 \u00fcber den Schutz nat\u00fcrlicher Personen bei der Verarbeitung personenbezogener Daten, mit der die Richtlinie 95 aufgehoben wird \/ 46 \/ EG (im Folgenden: RGPD), Gesetz 34\/2002 vom 11. Juli \u00fcber Dienstleistungen der Informationsgesellschaft und des elektronischen Handels (im Folgenden: LSSI-CE) und Organisches Gesetz 3\/2018, Schutz personenbezogener Daten und Gew\u00e4hrleistung digitaler Rechte, ALBERT NOGU\u00c9 POLA garantiert den Schutz und die Vertraulichkeit personenbezogener Daten jeglicher Art, die von unseren Kunden bereitgestellt werden, gem\u00e4\u00df den Bestimmungen der Allgemeinen Datenschutzverordnung mit pers\u00f6nlichem Charakter.<\/p><p>Die Datenschutzrichtlinie von ALBERT NOGU\u00c9 POLA beruht auf dem Grundsatz der proaktiven Verantwortung, nach der der f\u00fcr die Verarbeitung Verantwortliche f\u00fcr die Einhaltung des rechtlichen und rechtlichen Rahmens verantwortlich ist und dies den entsprechenden Kontrollbeh\u00f6rden nachweisen kann.<\/p><p>Die zur Verf\u00fcgung gestellten Daten werden gem\u00e4\u00df den Bestimmungen des RGPD behandelt. In diesem Sinne hat ALBERT NOGU\u00c9 POLA die gesetzlich vorgeschriebenen Schutzniveaus festgelegt und alle ihm zur Verf\u00fcgung stehenden technischen Ma\u00dfnahmen installiert, um Verlust, Missbrauch, \u00c4nderung und Unbefugtheit zu vermeiden Zugriff durch Dritte, siehe unten. Der Benutzer muss sich jedoch bewusst sein, dass Internet-Sicherheitsma\u00dfnahmen nicht uneinnehmbar sind.<\/p><p><strong>Verantwortlich f\u00fcr die Behandlung: Wer sind wir?<\/strong><\/p><ul><li>Name: ALBERT NOGU\u00c9 POLA<\/li><li>CIF: 77109392Y<\/li><li>Adresse: Avda. Stute de Deu de Montserrat 4-6, 17480 Roses, Girona<br \/>Telefon: 640238806<\/li><li>E-Mail: info@moblesroses.com<\/li><\/ul><p><strong>Zweck der Behandlung: Wof\u00fcr werden wir Ihre Daten verwenden?<\/strong><\/p><p>Alle Daten, die von unseren Kunden und \/ oder Besuchern auf der ALBERT NOGU\u00c9 POLA-Website oder ihren Mitarbeitern bereitgestellt werden, werden in die Aufzeichnung der Aktivit\u00e4ten zur Verarbeitung personenbezogener Daten aufgenommen, die unter der Verantwortung von ALBERT NOGU\u00c9 POLA erstellt und verwaltet werden und f\u00fcr die Bereitstellung der von angeforderten Dienste unerl\u00e4sslich sind Benutzer oder um Zweifel oder Fragen zu l\u00f6sen, die von unseren Besuchern aufgeworfen wurden. Unsere Richtlinie besteht nicht darin, Profile der Benutzer unserer Dienste zu erstellen.<\/p><p><strong>Legitimit\u00e4t der Behandlung: Warum ben\u00f6tigen wir Ihre Daten?<\/strong><\/p><p>a) Vertragsverh\u00e4ltnis: Dies gilt, wenn Sie eines unserer Produkte kaufen oder eine unserer Dienstleistungen in Auftrag geben.<br \/>b) Berechtigtes Interesse: Um die von Ihnen erhobenen Fragen und Anspr\u00fcche zu beantworten und die Einziehung der geschuldeten Betr\u00e4ge zu verwalten.<br \/>c) Ihre Zustimmung: Wenn Sie ein Benutzer unserer Website sind, erm\u00e4chtigen Sie uns, Ihnen das erforderliche Kontrollk\u00e4stchen im Kontaktformular zu senden, um Ihnen die erforderlichen Mitteilungen zu senden, um auf die Anfrage oder Anforderung von Informationen zu antworten.<\/p><p><strong>Empf\u00e4nger: Mit wem teilen wir Ihre Daten?<\/strong><\/p><p>Wir geben Ihre personenbezogenen Daten nicht an Dritte weiter, mit Ausnahme der \u00f6ffentlichen oder privaten Einrichtungen, denen wir aufgrund gesetzlicher Bestimmungen zur Angabe Ihrer personenbezogenen Daten verpflichtet sind. Zum Beispiel schreibt das Steuergesetz vor, dass die Steuerbeh\u00f6rde bestimmte Informationen \u00fcber wirtschaftliche Vorg\u00e4nge bereitstellen muss, die einen bestimmten Betrag \u00fcberschreiten.<\/p><p>F\u00fcr den Fall, dass wir, abgesehen von den oben genannten Annahmen, Ihre pers\u00f6nlichen Daten an andere Unternehmen weitergeben m\u00fcssen, werden wir Ihre Erlaubnis im Voraus durch klare Optionen einholen, die es Ihnen erm\u00f6glichen, diesbez\u00fcglich zu entscheiden.<\/p><p><strong>Kommunikation: Wohin k\u00f6nnen wir Ihre Daten senden?<\/strong><\/p><p>Wir werden Ihre personenbezogenen Daten f\u00fcr keinen der angegebenen Zwecke international \u00fcbermitteln.<\/p><p><strong>Aufbewahrung: Wie lange werden wir Ihre Daten aufbewahren?<\/strong><\/p><p>Wir werden Ihre personenbezogenen Daten nur so lange aufbewahren, wie dies zur Erreichung der Zwecke erforderlich ist, f\u00fcr die sie erhoben wurden. Bei der Festlegung der angemessenen Aufbewahrungsfrist pr\u00fcfen wir die mit der Behandlung verbundenen Risiken sowie unsere vertraglichen, rechtlichen und beh\u00f6rdlichen Verpflichtungen, internen Richtlinien zur Vorratsdatenspeicherung und unsere berechtigten Gesch\u00e4ftsinteressen, die in dieser Datenschutzerkl\u00e4rung und den Cookie-Richtlinien beschrieben sind.<\/p><p>In diesem Sinne speichert ALBERT NOGU\u00c9 POLA die personenbezogenen Daten, sobald die Beziehung zu Ihnen ordnungsgem\u00e4\u00df beendet wurde, w\u00e4hrend der Verj\u00e4hrungsfrist der Ma\u00dfnahmen, die sich aus der Beziehung mit der interessierten Partei ergeben k\u00f6nnten.<\/p><p>Nach der Sperrung sind Ihre Daten f\u00fcr ALBERT NOGU\u00c9 POLA nicht mehr zug\u00e4nglich und werden nur verarbeitet, wenn sie den \u00f6ffentlichen Verwaltungen, Richtern und Gerichten zur Verf\u00fcgung gestellt werden, um m\u00f6gliche Verantwortlichkeiten zu ber\u00fccksichtigen, die sich aus den Behandlungen ergeben, sowie f\u00fcr die \u00dcbung und Verteidigung von Anspr\u00fcchen vor der spanischen Datenschutzbeh\u00f6rde.<\/p><p><strong>Sicherheit: Wie sch\u00fctzen wir Ihre Daten?<\/strong><\/p><p>Wir unternehmen alle zumutbaren Anstrengungen, um die Vertraulichkeit der in unseren Systemen verarbeiteten pers\u00f6nlichen Daten zu wahren. Wir halten strenge Sicherheitsstandards ein, um die von uns verarbeiteten personenbezogenen Daten vor versehentlichem Verlust und unbefugtem Zugriff, Behandlung oder Offenlegung zu sch\u00fctzen, wobei der Stand der Technik, die Art und die Risiken, denen die Daten ausgesetzt sind, ber\u00fccksichtigt werden. Wir k\u00f6nnen jedoch nicht f\u00fcr die Verwendung der Daten (einschlie\u00dflich Benutzername und Passwort) verantwortlich gemacht werden, die Sie auf unserer Website verwenden. Unsere Mitarbeiter halten sich an strenge Datenschutzstandards. Falls wir Dritte mit der Bereitstellung von Supportleistungen beauftragen, m\u00fcssen diese dieselben Standards einhalten und diese pr\u00fcfen, um die Einhaltung zu \u00fcberpr\u00fcfen.<\/p><p><strong>Ihre Rechte: Welche Rechte k\u00f6nnen Sie als Interessent aus\u00fcben?<\/strong><\/p><p>Wir informieren Sie, dass Sie folgende Rechte aus\u00fcben k\u00f6nnen:<\/p><p>a) Recht auf Zugang zu Ihren pers\u00f6nlichen Daten, um zu wissen, welche Daten verarbeitet werden und welche Verarbeitungsvorg\u00e4nge mit ihnen durchgef\u00fchrt werden;<br \/>b) Recht auf Berichtigung fehlerhafter personenbezogener Daten;<br \/>c) Recht, Ihre pers\u00f6nlichen Daten zu l\u00f6schen, wenn dies m\u00f6glich ist (z. B. aus rechtlichen Gr\u00fcnden);<br \/>d) Recht, die Verarbeitung Ihrer personenbezogenen Daten einzuschr\u00e4nken, wenn die Richtigkeit, Rechtm\u00e4\u00dfigkeit oder Notwendigkeit der Verarbeitung der Daten zweifelhaft ist. In diesem Fall k\u00f6nnen wir sie zur Aus\u00fcbung oder Verteidigung von Anspr\u00fcchen aufbewahren.<br \/>e) Widerspruchsrecht gegen die Verarbeitung Ihrer personenbezogenen Daten, wenn die Rechtsgrundlage, auf der wir die angegebenen Daten verarbeiten k\u00f6nnen, unser berechtigtes Interesse ist. ALBERT NOGU\u00c9 POLA stellt die Verarbeitung Ihrer Daten ein, es sei denn, dies hat ein berechtigtes Interesse oder ist zur Verteidigung von Anspr\u00fcchen erforderlich.<br \/>f) Recht auf Portabilit\u00e4t Ihrer Daten, wenn die Rechtsgrundlage, die uns die Verarbeitung erm\u00f6glicht, das Bestehen eines Vertragsverh\u00e4ltnisses oder Ihre Zustimmung ist.<br \/>g) Widerrufsrecht f\u00fcr ALBERT NOGU\u00c9 POLA.<\/p><p>Um Ihre Rechte auszu\u00fcben, k\u00f6nnen Sie dies kostenlos und jederzeit tun, indem Sie uns unter Avda. Mare de Deu de Montserrat 4-6, 17480 Roses, Girona, kontaktieren und eine Kopie Ihres Personalausweises beif\u00fcgen.<\/p><p><strong>Schutz der Rechte: Wo k\u00f6nnen Sie einen Anspruch geltend machen?<\/strong><\/p><p>Wenn Sie verstehen, dass Ihre Rechte von unserem Unternehmen missachtet wurden, k\u00f6nnen Sie bei der spanischen Datenschutzbeh\u00f6rde auf folgende Weise einen Anspruch geltend machen:<\/p><ul><li>Elektronisches B\u00fcro: https:\/\/www.aepd.es<\/li><li>Post: Spanische Datenschutzbeh\u00f6rde, C \/ Jorge Juan, 6, 28001, Madrid<\/li><li>Telefon: 901.100.099 und 912.663.517<\/li><\/ul><p>Die Einreichung eines Anspruchs bei der spanischen Datenschutzbeh\u00f6rde ist nicht mit Kosten verbunden und die Unterst\u00fctzung eines Anwalts oder Anwalts ist nicht erforderlich.<\/p><p><strong>Updates: Welche \u00c4nderungen k\u00f6nnen an dieser Datenschutzrichtlinie vorgenommen werden?<\/strong><\/p><p>ALBERT NOGU\u00c9 POLA beh\u00e4lt sich das Recht vor, diese Richtlinie zu \u00e4ndern, um sie an neue Gesetze oder Rechtsprechungen anzupassen, die die Einhaltung dieser Richtlinien beeintr\u00e4chtigen k\u00f6nnen.<\/p><p>Um die Einhaltung der Vorschriften zum Schutz personenbezogener Daten zu gew\u00e4hrleisten, hat ALBERT NOGU\u00c9 POLA von <a href=\"https:\/\/clickdatos.es\/\" target=\"_blank\" rel=\"noopener\">ClickDatos<\/a> Beratungs- und Beratungsleistungen erhalten.<\/p>\t\t\t\t\t\t<\/div>\n\t\t\t\t<\/div>\n\t\t\t\t\t<\/div>\n\t\t<\/div>\n\t\t\t\t\t<\/div>\n\t\t<\/section>\n\t\t\t\t<\/div>\n\t\t","protected":false},"excerpt":{"rendered":"<p>Datenschutzbestimmungen In \u00dcbereinstimmung mit der Verordnung (EU) 2016\/679 des Europ\u00e4ischen Parlaments und des Rates vom 27. April 2016 \u00fcber den Schutz nat\u00fcrlicher Personen bei der Verarbeitung personenbezogener Daten, mit der die Richtlinie 95 aufgehoben wird \/ 46 \/ EG (im Folgenden: RGPD), Gesetz 34\/2002 vom 11. Juli \u00fcber Dienstleistungen der Informationsgesellschaft und des elektronischen Handels [&hellip;]<\/p>\n","protected":false},"author":1,"featured_media":0,"parent":0,"menu_order":0,"comment_status":"closed","ping_status":"open","template":"elementor_header_footer","meta":{"footnotes":""},"class_list":["post-1261","page","type-page","status-publish","hentry","entry"],"_links":{"self":[{"href":"https:\/\/camacolchonroses.com\/de\/wp-json\/wp\/v2\/pages\/1261"}],"collection":[{"href":"https:\/\/camacolchonroses.com\/de\/wp-json\/wp\/v2\/pages"}],"about":[{"href":"https:\/\/camacolchonroses.com\/de\/wp-json\/wp\/v2\/types\/page"}],"author":[{"embeddable":true,"href":"https:\/\/camacolchonroses.com\/de\/wp-json\/wp\/v2\/users\/1"}],"replies":[{"embeddable":true,"href":"https:\/\/camacolchonroses.com\/de\/wp-json\/wp\/v2\/comments?post=1261"}],"version-history":[{"count":10,"href":"https:\/\/camacolchonroses.com\/de\/wp-json\/wp\/v2\/pages\/1261\/revisions"}],"predecessor-version":[{"id":5688,"href":"https:\/\/camacolchonroses.com\/de\/wp-json\/wp\/v2\/pages\/1261\/revisions\/5688"}],"wp:attachment":[{"href":"https:\/\/camacolchonroses.com\/de\/wp-json\/wp\/v2\/media?parent=1261"}],"curies":[{"name":"wp","href":"https:\/\/api.w.org\/{rel}","templated":true}]}}