{"id":1397,"date":"2019-07-20T22:21:11","date_gmt":"2019-07-20T22:21:11","guid":{"rendered":"https:\/\/camacolchonroses.com\/?page_id=1397"},"modified":"2021-02-16T17:06:11","modified_gmt":"2021-02-16T17:06:11","slug":"quienes-somos-ger","status":"publish","type":"page","link":"https:\/\/camacolchonroses.com\/de\/quienes-somos-ger\/","title":{"rendered":"\u00dcber uns"},"content":{"rendered":"\t\t<div data-elementor-type=\"wp-post\" data-elementor-id=\"1397\" class=\"elementor elementor-1397\" data-elementor-post-type=\"page\">\n\t\t\t\t\t\t<section class=\"elementor-section elementor-top-section elementor-element elementor-element-3806177b elementor-section-content-middle elementor-section-full_width elementor-section-height-min-height elementor-section-items-stretch elementor-section-height-default\" data-id=\"3806177b\" data-element_type=\"section\">\n\t\t\t\t\t\t<div class=\"elementor-container elementor-column-gap-no\">\n\t\t\t\t\t<div class=\"elementor-column elementor-col-33 elementor-top-column elementor-element elementor-element-114c3676\" data-id=\"114c3676\" data-element_type=\"column\" data-settings=\"{&quot;background_background&quot;:&quot;classic&quot;}\">\n\t\t\t<div class=\"elementor-widget-wrap elementor-element-populated\">\n\t\t\t\t\t\t<div class=\"elementor-element elementor-element-7f4e831f elementor-widget elementor-widget-spacer\" data-id=\"7f4e831f\" data-element_type=\"widget\" data-widget_type=\"spacer.default\">\n\t\t\t\t<div class=\"elementor-widget-container\">\n\t\t\t\t\t<div class=\"elementor-spacer\">\n\t\t\t<div class=\"elementor-spacer-inner\"><\/div>\n\t\t<\/div>\n\t\t\t\t<\/div>\n\t\t\t\t<\/div>\n\t\t\t\t\t<\/div>\n\t\t<\/div>\n\t\t\t\t<div class=\"elementor-column elementor-col-33 elementor-top-column elementor-element elementor-element-1ceeeb4f\" data-id=\"1ceeeb4f\" data-element_type=\"column\">\n\t\t\t<div class=\"elementor-widget-wrap elementor-element-populated\">\n\t\t\t\t\t\t<div class=\"elementor-element elementor-element-1d50418a elementor-widget elementor-widget-heading\" data-id=\"1d50418a\" data-element_type=\"widget\" data-widget_type=\"heading.default\">\n\t\t\t\t<div class=\"elementor-widget-container\">\n\t\t\t<h2 class=\"elementor-heading-title elementor-size-default\">Spezialisten f\u00fcr gute Erholung<\/h2>\t\t<\/div>\n\t\t\t\t<\/div>\n\t\t\t\t<div class=\"elementor-element elementor-element-2b33396a elementor-widget-divider--view-line elementor-widget elementor-widget-divider\" data-id=\"2b33396a\" data-element_type=\"widget\" data-widget_type=\"divider.default\">\n\t\t\t\t<div class=\"elementor-widget-container\">\n\t\t\t\t\t<div class=\"elementor-divider\">\n\t\t\t<span class=\"elementor-divider-separator\">\n\t\t\t\t\t\t<\/span>\n\t\t<\/div>\n\t\t\t\t<\/div>\n\t\t\t\t<\/div>\n\t\t\t\t<div class=\"elementor-element elementor-element-6cfc2b2a elementor-widget elementor-widget-text-editor\" data-id=\"6cfc2b2a\" data-element_type=\"widget\" data-widget_type=\"text-editor.default\">\n\t\t\t\t<div class=\"elementor-widget-container\">\n\t\t\t\t\t\t\t<p>Cama colch\u00f3n wurde 2009 gegr\u00fcndet und ist auf Matratzen spezialisiert, wobei der Qualit\u00e4tspreis immer ber\u00fccksichtigt wird.<\/p><p>Es musste bald erweitert werden, um eine L\u00f6sung f\u00fcr alle Vorlieben seiner Kunden zu bieten, mit einer gro\u00dfen Vielzahl von Matratzen, Bettgestellen, gepolsterten Untergr\u00fcnden, Boxspringbett,(elektrisches, mit Schubladen); sowie Klappbetten, Schlafsofas, Clickety- Clacs, Z-Bett, . Kopfteile, Nachttische, Kommoden und konsolen.<\/p>\t\t\t\t\t\t<\/div>\n\t\t\t\t<\/div>\n\t\t\t\t\t<\/div>\n\t\t<\/div>\n\t\t\t\t<div class=\"elementor-column elementor-col-33 elementor-top-column elementor-element elementor-element-2bf8d9b4\" data-id=\"2bf8d9b4\" data-element_type=\"column\">\n\t\t\t<div class=\"elementor-widget-wrap elementor-element-populated\">\n\t\t\t\t\t\t<div class=\"elementor-element elementor-element-133f8856 elementor-widget elementor-widget-spacer\" data-id=\"133f8856\" data-element_type=\"widget\" data-widget_type=\"spacer.default\">\n\t\t\t\t<div class=\"elementor-widget-container\">\n\t\t\t\t\t<div class=\"elementor-spacer\">\n\t\t\t<div class=\"elementor-spacer-inner\"><\/div>\n\t\t<\/div>\n\t\t\t\t<\/div>\n\t\t\t\t<\/div>\n\t\t\t\t\t<\/div>\n\t\t<\/div>\n\t\t\t\t\t<\/div>\n\t\t<\/section>\n\t\t\t\t<section class=\"elementor-section elementor-top-section elementor-element elementor-element-1fa6799e elementor-section-content-middle elementor-section-full_width elementor-section-height-min-height elementor-section-items-stretch elementor-reverse-mobile elementor-section-height-default\" data-id=\"1fa6799e\" data-element_type=\"section\">\n\t\t\t\t\t\t<div class=\"elementor-container elementor-column-gap-no\">\n\t\t\t\t\t<div class=\"elementor-column elementor-col-33 elementor-top-column elementor-element elementor-element-187aba60\" data-id=\"187aba60\" data-element_type=\"column\">\n\t\t\t<div class=\"elementor-widget-wrap elementor-element-populated\">\n\t\t\t\t\t\t<div class=\"elementor-element elementor-element-47334bd0 elementor-widget elementor-widget-spacer\" data-id=\"47334bd0\" data-element_type=\"widget\" data-widget_type=\"spacer.default\">\n\t\t\t\t<div class=\"elementor-widget-container\">\n\t\t\t\t\t<div class=\"elementor-spacer\">\n\t\t\t<div class=\"elementor-spacer-inner\"><\/div>\n\t\t<\/div>\n\t\t\t\t<\/div>\n\t\t\t\t<\/div>\n\t\t\t\t\t<\/div>\n\t\t<\/div>\n\t\t\t\t<div class=\"elementor-column elementor-col-33 elementor-top-column elementor-element elementor-element-1229fa28\" data-id=\"1229fa28\" data-element_type=\"column\">\n\t\t\t<div class=\"elementor-widget-wrap elementor-element-populated\">\n\t\t\t\t\t\t<div class=\"elementor-element elementor-element-63479560 elementor-widget elementor-widget-heading\" data-id=\"63479560\" data-element_type=\"widget\" data-widget_type=\"heading.default\">\n\t\t\t\t<div class=\"elementor-widget-container\">\n\t\t\t<h2 class=\"elementor-heading-title elementor-size-default\">Mehr als 25 Jahre Erfahrung<\/h2>\t\t<\/div>\n\t\t\t\t<\/div>\n\t\t\t\t<div class=\"elementor-element elementor-element-68c48ae8 elementor-widget-divider--view-line elementor-widget elementor-widget-divider\" data-id=\"68c48ae8\" data-element_type=\"widget\" data-widget_type=\"divider.default\">\n\t\t\t\t<div class=\"elementor-widget-container\">\n\t\t\t\t\t<div class=\"elementor-divider\">\n\t\t\t<span class=\"elementor-divider-separator\">\n\t\t\t\t\t\t<\/span>\n\t\t<\/div>\n\t\t\t\t<\/div>\n\t\t\t\t<\/div>\n\t\t\t\t<div class=\"elementor-element elementor-element-70ca6c7c elementor-widget elementor-widget-text-editor\" data-id=\"70ca6c7c\" data-element_type=\"widget\" data-widget_type=\"text-editor.default\">\n\t\t\t\t<div class=\"elementor-widget-container\">\n\t\t\t\t\t\t\t<p>Dort finden Sie auch Kissen, Betttuch, Bettlaken, Feder und Soft Bettdecken, Bettbez\u00fcge, Matratzentopper, Matratzenschoner, Sofabez\u00fcge, das hei\u00dft, alles was mit Schlafen zu tun hat.<\/p><p>Dies wird nat\u00fcrlich durch unseren Mehrwert von Kostenlosen Lieferungen f\u00fcr unser gesamtes Gebiet erg\u00e4nzt, und ebenso wie der R\u00fcckzug des alten Genres.<\/p><p>Wir warten in unseren Einrichtungen auf Sie.<\/p>\t\t\t\t\t\t<\/div>\n\t\t\t\t<\/div>\n\t\t\t\t\t<\/div>\n\t\t<\/div>\n\t\t\t\t<div class=\"elementor-column elementor-col-33 elementor-top-column elementor-element elementor-element-1e1e89b0\" data-id=\"1e1e89b0\" data-element_type=\"column\" data-settings=\"{&quot;background_background&quot;:&quot;classic&quot;}\">\n\t\t\t<div class=\"elementor-widget-wrap elementor-element-populated\">\n\t\t\t\t\t\t<div class=\"elementor-element elementor-element-35349f77 elementor-widget elementor-widget-spacer\" data-id=\"35349f77\" data-element_type=\"widget\" data-widget_type=\"spacer.default\">\n\t\t\t\t<div class=\"elementor-widget-container\">\n\t\t\t\t\t<div class=\"elementor-spacer\">\n\t\t\t<div class=\"elementor-spacer-inner\"><\/div>\n\t\t<\/div>\n\t\t\t\t<\/div>\n\t\t\t\t<\/div>\n\t\t\t\t\t<\/div>\n\t\t<\/div>\n\t\t\t\t\t<\/div>\n\t\t<\/section>\n\t\t\t\t<\/div>\n\t\t","protected":false},"excerpt":{"rendered":"<p>Spezialisten f\u00fcr gute Erholung Cama colch\u00f3n wurde 2009 gegr\u00fcndet und ist auf Matratzen spezialisiert, wobei der Qualit\u00e4tspreis immer ber\u00fccksichtigt wird. Es musste bald erweitert werden, um eine L\u00f6sung f\u00fcr alle Vorlieben seiner Kunden zu bieten, mit einer gro\u00dfen Vielzahl von Matratzen, Bettgestellen, gepolsterten Untergr\u00fcnden, Boxspringbett,(elektrisches, mit Schubladen); sowie Klappbetten, Schlafsofas, Clickety- Clacs, Z-Bett, . Kopfteile, [&hellip;]<\/p>\n","protected":false},"author":1,"featured_media":0,"parent":0,"menu_order":0,"comment_status":"closed","ping_status":"closed","template":"","meta":{"footnotes":""},"class_list":["post-1397","page","type-page","status-publish","hentry","entry"],"_links":{"self":[{"href":"https:\/\/camacolchonroses.com\/de\/wp-json\/wp\/v2\/pages\/1397"}],"collection":[{"href":"https:\/\/camacolchonroses.com\/de\/wp-json\/wp\/v2\/pages"}],"about":[{"href":"https:\/\/camacolchonroses.com\/de\/wp-json\/wp\/v2\/types\/page"}],"author":[{"embeddable":true,"href":"https:\/\/camacolchonroses.com\/de\/wp-json\/wp\/v2\/users\/1"}],"replies":[{"embeddable":true,"href":"https:\/\/camacolchonroses.com\/de\/wp-json\/wp\/v2\/comments?post=1397"}],"version-history":[{"count":6,"href":"https:\/\/camacolchonroses.com\/de\/wp-json\/wp\/v2\/pages\/1397\/revisions"}],"predecessor-version":[{"id":5271,"href":"https:\/\/camacolchonroses.com\/de\/wp-json\/wp\/v2\/pages\/1397\/revisions\/5271"}],"wp:attachment":[{"href":"https:\/\/camacolchonroses.com\/de\/wp-json\/wp\/v2\/media?parent=1397"}],"curies":[{"name":"wp","href":"https:\/\/api.w.org\/{rel}","templated":true}]}}