{"id":1251,"date":"2019-07-20T20:59:52","date_gmt":"2019-07-20T20:59:52","guid":{"rendered":"https:\/\/camacolchonroses.com\/?page_id=1251"},"modified":"2021-05-15T22:37:58","modified_gmt":"2021-05-15T22:37:58","slug":"aviso-legal-fra","status":"publish","type":"page","link":"https:\/\/camacolchonroses.com\/fr\/aviso-legal-fra\/","title":{"rendered":"Avis juridique"},"content":{"rendered":"\t\t<div data-elementor-type=\"wp-page\" data-elementor-id=\"1251\" class=\"elementor elementor-1251\" data-elementor-post-type=\"page\">\n\t\t\t\t\t\t<section class=\"elementor-section elementor-top-section elementor-element elementor-element-cbd678d elementor-section-content-middle elementor-section-boxed elementor-section-height-default elementor-section-height-default\" data-id=\"cbd678d\" data-element_type=\"section\" data-settings=\"{&quot;background_background&quot;:&quot;classic&quot;}\">\n\t\t\t\t\t\t\t<div class=\"elementor-background-overlay\"><\/div>\n\t\t\t\t\t\t\t<div class=\"elementor-container elementor-column-gap-default\">\n\t\t\t\t\t<div class=\"elementor-column elementor-col-100 elementor-top-column elementor-element elementor-element-ee65124\" data-id=\"ee65124\" data-element_type=\"column\">\n\t\t\t<div class=\"elementor-widget-wrap elementor-element-populated\">\n\t\t\t\t\t\t<section class=\"elementor-section elementor-inner-section elementor-element elementor-element-cb859bd elementor-section-boxed elementor-section-height-default elementor-section-height-default\" data-id=\"cb859bd\" data-element_type=\"section\">\n\t\t\t\t\t\t<div class=\"elementor-container elementor-column-gap-default\">\n\t\t\t\t\t<div class=\"elementor-column elementor-col-100 elementor-inner-column elementor-element elementor-element-01e6d84\" data-id=\"01e6d84\" data-element_type=\"column\">\n\t\t\t<div class=\"elementor-widget-wrap elementor-element-populated\">\n\t\t\t\t\t\t<div class=\"elementor-element elementor-element-f0b0347 elementor-widget elementor-widget-heading\" data-id=\"f0b0347\" data-element_type=\"widget\" data-widget_type=\"heading.default\">\n\t\t\t\t<div class=\"elementor-widget-container\">\n\t\t\t<h2 class=\"elementor-heading-title elementor-size-default\">Avis juridique<\/h2>\t\t<\/div>\n\t\t\t\t<\/div>\n\t\t\t\t<div class=\"elementor-element elementor-element-5989e95 elementor-widget-divider--view-line elementor-widget elementor-widget-divider\" data-id=\"5989e95\" data-element_type=\"widget\" data-widget_type=\"divider.default\">\n\t\t\t\t<div class=\"elementor-widget-container\">\n\t\t\t\t\t<div class=\"elementor-divider\">\n\t\t\t<span class=\"elementor-divider-separator\">\n\t\t\t\t\t\t<\/span>\n\t\t<\/div>\n\t\t\t\t<\/div>\n\t\t\t\t<\/div>\n\t\t\t\t\t<\/div>\n\t\t<\/div>\n\t\t\t\t\t<\/div>\n\t\t<\/section>\n\t\t\t\t\t<\/div>\n\t\t<\/div>\n\t\t\t\t\t<\/div>\n\t\t<\/section>\n\t\t\t\t<section class=\"elementor-section elementor-top-section elementor-element elementor-element-5504101f elementor-section-boxed elementor-section-height-default elementor-section-height-default\" data-id=\"5504101f\" data-element_type=\"section\">\n\t\t\t\t\t\t<div class=\"elementor-container elementor-column-gap-default\">\n\t\t\t\t\t<div class=\"elementor-column elementor-col-100 elementor-top-column elementor-element elementor-element-61468672\" data-id=\"61468672\" data-element_type=\"column\">\n\t\t\t<div class=\"elementor-widget-wrap elementor-element-populated\">\n\t\t\t\t\t\t<div class=\"elementor-element elementor-element-3007b58d elementor-widget elementor-widget-text-editor\" data-id=\"3007b58d\" data-element_type=\"widget\" data-widget_type=\"text-editor.default\">\n\t\t\t\t<div class=\"elementor-widget-container\">\n\t\t\t\t\t\t\t<p>Dans la pr\u00e9sente Mention L\u00e9gale, l&rsquo;Utilisateur pourra trouver toutes les informations relatives aux conditions l\u00e9gales qui d\u00e9finissent les relations entre les Utilisateurs et le responsable de la page web accessible \u00e0 l&rsquo;URL http:\/\/www.moblesroses.com\/ (ci-apr\u00e8s, le Site Internet), qu&rsquo;ALBERT NOGU\u00c9 POLA met \u00e0 disposition des internautes.<br \/>L&rsquo;utilisation du site Web implique l&rsquo;acceptation pleine et sans r\u00e9serve de chacune des dispositions incluses dans le pr\u00e9sent avis juridique. En cons\u00e9quence, l&rsquo;utilisateur du site Web doit lire attentivement le pr\u00e9sent avis juridique \u00e0 chacune des occasions o\u00f9 il a l&rsquo;intention d&rsquo;utiliser le site Web, car le texte pourrait \u00eatre modifi\u00e9 \u00e0 la discr\u00e9tion du propri\u00e9taire du site Web, ou en raison d&rsquo;un changement l\u00e9gislatif, pratique jurisprudentielle ou commerciale.<\/p><p><strong>2.- OBJET<\/strong><\/p><p><br \/>Le site Web fournit aux utilisateurs de celui-ci l&rsquo;acc\u00e8s aux informations et aux services fournis par ALBERT NOGU\u00c9 POLA aux personnes ou organisations int\u00e9ress\u00e9es.<br \/>L&rsquo;acc\u00e8s et l&rsquo;utilisation du site Web attribuent la condition d&rsquo;utilisateur du site Web (ci-apr\u00e8s, l &lsquo;\u00abutilisateur\u00bb) et implique l&rsquo;acceptation de toutes les conditions incluses dans le pr\u00e9sent avis juridique ainsi que ses modifications. La fourniture du service du site Web a une dur\u00e9e limit\u00e9e au moment o\u00f9 l&rsquo;utilisateur est connect\u00e9 au site Web ou \u00e0 l&rsquo;un des services fournis par son interm\u00e9diaire. Par cons\u00e9quent, l&rsquo;utilisateur doit lire attentivement cet avis juridique \u00e0 chacune des occasions o\u00f9 il a l&rsquo;intention d&rsquo;utiliser le site Web, car celui-ci et ses conditions d&rsquo;utilisation contenues dans cet avis juridique peuvent subir des modifications.<\/p><p><strong>3.- ACC\u00c8S ET UTILISATION DU WEB<\/strong><\/p><p><br \/>3.1.- Acc\u00e8s et utilisation gratuits du site Web. L&rsquo;acc\u00e8s au site Web est gratuit pour ses utilisateurs, \u00e0 l&rsquo;exception du co\u00fbt de la connexion via le r\u00e9seau de t\u00e9l\u00e9communications fourni par le fournisseur d&rsquo;acc\u00e8s contract\u00e9 par les utilisateurs.<br \/>3.2.- Enregistrement de l&rsquo;utilisateur. En g\u00e9n\u00e9ral, l&rsquo;acc\u00e8s et l&rsquo;utilisation du site Web ne n\u00e9cessitent pas d&rsquo;abonnement ou d&rsquo;enregistrement pr\u00e9alable de ses utilisateurs.<br \/>3.3.- Les utilisateurs garantissent et r\u00e9pondent, dans tous les cas, \u00e0 l&rsquo;exactitude, la validit\u00e9 et l&rsquo;authenticit\u00e9 des donn\u00e9es personnelles fournies, et s&rsquo;engagent \u00e0 les tenir d\u00fbment \u00e0 jour. L&rsquo;utilisateur s&rsquo;engage \u00e0 fournir des informations compl\u00e8tes et correctes dans le formulaire de contact ou d&rsquo;inscription.<br \/>Dans le cas des mineurs de moins de quatorze ans, le consentement des parents ou tuteurs est requis pour le traitement de leurs donn\u00e9es personnelles.<br \/>En aucun cas, les donn\u00e9es relatives \u00e0 la situation professionnelle, \u00e9conomique ou \u00e0 la vie priv\u00e9e des autres membres de la famille ne seront collect\u00e9es aupr\u00e8s du mineur, sans son consentement. Si vous avez moins de quatorze ans et que vous avez acc\u00e9d\u00e9 \u00e0 ce site Web sans en informer vos parents, vous ne devez pas vous inscrire en tant qu&rsquo;utilisateur.<br \/>Sur ce site, les donn\u00e9es personnelles des utilisateurs sont respect\u00e9es et prises en charge. En tant qu&rsquo;utilisateur, vous devez savoir que vos droits sont garantis.<\/p><p><strong>4.- CONTENU DU WEB<\/strong><\/p><p><br \/>La langue utilis\u00e9e par le propri\u00e9taire sur le Web sera l&rsquo;espagnol. ALBERT NOGU\u00c9 POLA n&rsquo;est pas responsable du manque de compr\u00e9hension ou de compr\u00e9hension de la langue du web par l&rsquo;utilisateur, ni de ses cons\u00e9quences.<br \/>ALBERT NOGU\u00c9 POLA peut modifier les contenus sans pr\u00e9avis, ainsi que les supprimer et les modifier dans le Web, comme la mani\u00e8re dont ils sont accessibles, sans aucune justification et librement, sans \u00eatre responsable des cons\u00e9quences qu&rsquo;ils peuvent causer aux utilisateurs utilisateurs.<br \/>L&rsquo;utilisation du contenu du Web pour promouvoir, contracter ou diffuser de la publicit\u00e9 ou des informations de son propre chef ou de tiers sans l&rsquo;autorisation d&rsquo;ALBERT NOGU\u00c9 POLA, ni pour envoyer de la publicit\u00e9 ou des informations en utilisant les services ou informations mis \u00e0 disposition \u00e0 cet effet est interdite aux utilisateurs, que l&rsquo;utilisation soit gratuite ou non.<br \/>Les liens ou hyperliens que des tiers incorporent dans leurs pages Web, dirig\u00e9s vers ce site Web, seront destin\u00e9s \u00e0 l&rsquo;ouverture de la page Web enti\u00e8re, ne pouvant pas exprimer, directement ou indirectement, des indications fausses, inexactes ou d\u00e9routantes, ou entra\u00eener des abus. ou actions ill\u00e9gales contre ALBERT NOGU\u00c9 POLA<\/p><p><strong>5.- MESURES DE S\u00c9CURIT\u00c9<\/strong><\/p><p><br \/>Les donn\u00e9es personnelles communiqu\u00e9es par l&rsquo;utilisateur peuvent \u00eatre stock\u00e9es dans des bases de donn\u00e9es automatis\u00e9es ou non, dont la propri\u00e9t\u00e9 correspond exclusivement \u00e0 ALBERT NOGU\u00c9 POLA, en assumant toutes les mesures techniques, organisationnelles et de s\u00e9curit\u00e9 qui garantissent la confidentialit\u00e9, l&rsquo;int\u00e9grit\u00e9 et la qualit\u00e9 des informations qui y sont contenues conform\u00e9ment \u00e0 la dispositions de la r\u00e9glementation en vigueur sur la protection des donn\u00e9es personnelles.<\/p><p><br \/><strong>6.- LIMITATION DE RESPONSABILIT\u00c9<\/strong><\/p><p><br \/>Tant l&rsquo;acc\u00e8s au site Web que l&rsquo;utilisation non consensuelle qui peut \u00eatre faite des informations qui y sont contenues rel\u00e8vent de la seule responsabilit\u00e9 de la personne qui l&rsquo;ex\u00e9cute. ALBERT NOGU\u00c9 POLA ne sera pas responsable des cons\u00e9quences, dommages ou pr\u00e9judices pouvant r\u00e9sulter de cet acc\u00e8s ou utilisation. ALBERT NOGU\u00c9 POLA n&rsquo;est pas responsable des erreurs de s\u00e9curit\u00e9 qui pourraient survenir ou de tout dommage pouvant \u00eatre caus\u00e9 au syst\u00e8me informatique de l&rsquo;utilisateur (mat\u00e9riel et logiciel), ou aux fichiers ou documents qui y sont stock\u00e9s, du fait de:<br \/>&#8211; La pr\u00e9sence d&rsquo;un virus sur l&rsquo;ordinateur de l&rsquo;utilisateur qui est utilis\u00e9 pour se connecter aux services et contenus du Web.<br \/>&#8211; un dysfonctionnement du navigateur.<br \/>&#8211; et \/ ou l&rsquo;utilisation de versions non mises \u00e0 jour de celui-ci.<br \/>ALBERT NOGU\u00c9 POLA n&rsquo;est pas responsable de la fiabilit\u00e9 et de la rapidit\u00e9 des liens hypertextes qui sont incorpor\u00e9s dans le web pour l&rsquo;ouverture d&rsquo;autres. ALBERT NOGU\u00c9 POLA ne garantit pas l&rsquo;utilit\u00e9 de ces liens, ni n&rsquo;est responsable du contenu ou des services auxquels l&rsquo;utilisateur peut acc\u00e9der via ces liens, ni du bon fonctionnement de ces sites.<\/p><p>ALBERT NOGU\u00c9 POLA ne sera pas responsable des virus ou autres programmes informatiques qui d\u00e9t\u00e9riorent ou peuvent d\u00e9t\u00e9riorer les syst\u00e8mes informatiques ou l&rsquo;\u00e9quipement des utilisateurs lors de l&rsquo;acc\u00e8s \u00e0 son site Web ou \u00e0 d&rsquo;autres sites Web auxquels on a acc\u00e9d\u00e9 via des liens sur ce site.<\/p><p><strong>7.- UTILISATION DE LA TECHNOLOGIE \u00ab\u00a0COOKIE\u00a0\u00bb<\/strong><\/p><p><br \/>Le site Web peut utiliser des cookies ou des technologies similaires qui seront r\u00e9gis par les dispositions de la politique de cookies, accessible \u00e0 tout moment et respectant la confidentialit\u00e9 et la vie priv\u00e9e de l&rsquo;utilisateur, faisant partie int\u00e9grante de la pr\u00e9sente notice l\u00e9gale.<\/p><p><strong>8.- NAVIGATION<\/strong><\/p><p><br \/>Les serveurs Internet peuvent collecter des donn\u00e9es non identifiables, qui peuvent inclure des adresses IP et d&rsquo;autres donn\u00e9es qui ne peuvent pas \u00eatre utilis\u00e9es pour identifier l&rsquo;utilisateur. Votre adresse IP sera stock\u00e9e automatiquement dans les journaux d&rsquo;acc\u00e8s et dans le seul but de permettre le transit Internet, il est n\u00e9cessaire que votre ordinateur fournisse cette adresse IP lors de la navigation sur Internet afin que les communications puissent \u00eatre effectu\u00e9es. De m\u00eame, l&rsquo;adresse IP peut \u00eatre utilis\u00e9e pour r\u00e9aliser des statistiques, de mani\u00e8re anonyme, sur le nombre de visiteurs de ce site et leur origine, de mani\u00e8re totalement transparente \u00e0 votre navigation.<\/p><p><br \/><strong>9.- PROPRI\u00c9T\u00c9 INTELLECTUELLE ET INDUSTRIELLE<\/strong><\/p><p><br \/>L&rsquo;utilisateur sait et accepte que tous les contenus et \/ ou tous autres \u00e9l\u00e9ments du site sont la propri\u00e9t\u00e9 d&rsquo;ALBERT NOGU\u00c9 POLA, et s&rsquo;engage \u00e0 respecter les droits de propri\u00e9t\u00e9 intellectuelle et industrielle appartenant \u00e0 ALBERT NOGU\u00c9 POLA et \/ ou \u00e0 des tiers. Toute utilisation du site ou de son contenu doit \u00eatre exclusivement priv\u00e9e.<br \/>Toute autre utilisation qui implique la copie, la reproduction, la distribution, la transformation, la communication publique ou toute autre action similaire, de tout ou partie du contenu du web, est r\u00e9serv\u00e9e exclusivement \u00e0 ALBERT NOGU\u00c9 POLA, afin qu&rsquo;aucun utilisateur ne puisse effectuer ces actions sans l&rsquo;autorisation \u00e9crite pr\u00e9alable d&rsquo;ALBERT NOGU\u00c9 POLA.<\/p><p><br \/><strong>10.- L\u00c9GISLATION APPLICABLE ET JURIDICTION COMP\u00c9TENTE<\/strong><\/p><p><br \/>Cet avis juridique sera interpr\u00e9t\u00e9 et r\u00e9gi conform\u00e9ment \u00e0 la l\u00e9gislation espagnole. ALBERT NOGU\u00c9 POLA et les utilisateurs, renon\u00e7ant express\u00e9ment \u00e0 toute autre juridiction qui pourrait leur correspondre, se soumettent aux cours et tribunaux du domicile de l&rsquo;utilisateur pour toute controverse qui pourrait r\u00e9sulter de l&rsquo;acc\u00e8s ou de l&rsquo;utilisation du site. Dans le cas o\u00f9 l&rsquo;utilisateur est domicili\u00e9 en dehors de l&rsquo;Espagne, \u00ab\u00a0et l&rsquo;utilisateur, soumettez, en renon\u00e7ant express\u00e9ment \u00e0 toute autre juridiction, aux cours et tribunaux de la ville de G\u00e9rone.<\/p>\t\t\t\t\t\t<\/div>\n\t\t\t\t<\/div>\n\t\t\t\t\t<\/div>\n\t\t<\/div>\n\t\t\t\t\t<\/div>\n\t\t<\/section>\n\t\t\t\t<\/div>\n\t\t","protected":false},"excerpt":{"rendered":"<p>Avis juridique Dans la pr\u00e9sente Mention L\u00e9gale, l&rsquo;Utilisateur pourra trouver toutes les informations relatives aux conditions l\u00e9gales qui d\u00e9finissent les relations entre les Utilisateurs et le responsable de la page web accessible \u00e0 l&rsquo;URL http:\/\/www.moblesroses.com\/ (ci-apr\u00e8s, le Site Internet), qu&rsquo;ALBERT NOGU\u00c9 POLA met \u00e0 disposition des internautes.L&rsquo;utilisation du site Web implique l&rsquo;acceptation pleine et sans [&hellip;]<\/p>\n","protected":false},"author":1,"featured_media":0,"parent":0,"menu_order":0,"comment_status":"closed","ping_status":"closed","template":"elementor_header_footer","meta":{"footnotes":""},"class_list":["post-1251","page","type-page","status-publish","hentry","entry"],"_links":{"self":[{"href":"https:\/\/camacolchonroses.com\/fr\/wp-json\/wp\/v2\/pages\/1251"}],"collection":[{"href":"https:\/\/camacolchonroses.com\/fr\/wp-json\/wp\/v2\/pages"}],"about":[{"href":"https:\/\/camacolchonroses.com\/fr\/wp-json\/wp\/v2\/types\/page"}],"author":[{"embeddable":true,"href":"https:\/\/camacolchonroses.com\/fr\/wp-json\/wp\/v2\/users\/1"}],"replies":[{"embeddable":true,"href":"https:\/\/camacolchonroses.com\/fr\/wp-json\/wp\/v2\/comments?post=1251"}],"version-history":[{"count":11,"href":"https:\/\/camacolchonroses.com\/fr\/wp-json\/wp\/v2\/pages\/1251\/revisions"}],"predecessor-version":[{"id":5687,"href":"https:\/\/camacolchonroses.com\/fr\/wp-json\/wp\/v2\/pages\/1251\/revisions\/5687"}],"wp:attachment":[{"href":"https:\/\/camacolchonroses.com\/fr\/wp-json\/wp\/v2\/media?parent=1251"}],"curies":[{"name":"wp","href":"https:\/\/api.w.org\/{rel}","templated":true}]}}