{"id":1259,"date":"2019-07-20T21:06:02","date_gmt":"2019-07-20T21:06:02","guid":{"rendered":"https:\/\/camacolchonroses.com\/?page_id=1259"},"modified":"2021-05-15T21:23:32","modified_gmt":"2021-05-15T21:23:32","slug":"politica-de-privacidad-fra","status":"publish","type":"page","link":"https:\/\/camacolchonroses.com\/fr\/politica-de-privacidad-fra\/","title":{"rendered":"Politique de confidentialit\u00e9"},"content":{"rendered":"\t\t<div data-elementor-type=\"wp-post\" data-elementor-id=\"1259\" class=\"elementor elementor-1259\" data-elementor-post-type=\"page\">\n\t\t\t\t\t\t<section class=\"elementor-section elementor-top-section elementor-element elementor-element-a22d9d9 elementor-section-content-middle elementor-section-boxed elementor-section-height-default elementor-section-height-default\" data-id=\"a22d9d9\" data-element_type=\"section\" data-settings=\"{&quot;background_background&quot;:&quot;classic&quot;}\">\n\t\t\t\t\t\t\t<div class=\"elementor-background-overlay\"><\/div>\n\t\t\t\t\t\t\t<div class=\"elementor-container elementor-column-gap-default\">\n\t\t\t\t\t<div class=\"elementor-column elementor-col-100 elementor-top-column elementor-element elementor-element-440815b\" data-id=\"440815b\" data-element_type=\"column\">\n\t\t\t<div class=\"elementor-widget-wrap elementor-element-populated\">\n\t\t\t\t\t\t<section class=\"elementor-section elementor-inner-section elementor-element elementor-element-ba1c7eb elementor-section-boxed elementor-section-height-default elementor-section-height-default\" data-id=\"ba1c7eb\" data-element_type=\"section\">\n\t\t\t\t\t\t<div class=\"elementor-container elementor-column-gap-default\">\n\t\t\t\t\t<div class=\"elementor-column elementor-col-100 elementor-inner-column elementor-element elementor-element-6c05452\" data-id=\"6c05452\" data-element_type=\"column\">\n\t\t\t<div class=\"elementor-widget-wrap elementor-element-populated\">\n\t\t\t\t\t\t<div class=\"elementor-element elementor-element-f12f4e4 elementor-widget elementor-widget-heading\" data-id=\"f12f4e4\" data-element_type=\"widget\" data-widget_type=\"heading.default\">\n\t\t\t\t<div class=\"elementor-widget-container\">\n\t\t\t<h2 class=\"elementor-heading-title elementor-size-default\">Les politiques de confidentialit\u00e9<\/h2>\t\t<\/div>\n\t\t\t\t<\/div>\n\t\t\t\t<div class=\"elementor-element elementor-element-1fb0930 elementor-widget-divider--view-line elementor-widget elementor-widget-divider\" data-id=\"1fb0930\" data-element_type=\"widget\" data-widget_type=\"divider.default\">\n\t\t\t\t<div class=\"elementor-widget-container\">\n\t\t\t\t\t<div class=\"elementor-divider\">\n\t\t\t<span class=\"elementor-divider-separator\">\n\t\t\t\t\t\t<\/span>\n\t\t<\/div>\n\t\t\t\t<\/div>\n\t\t\t\t<\/div>\n\t\t\t\t\t<\/div>\n\t\t<\/div>\n\t\t\t\t\t<\/div>\n\t\t<\/section>\n\t\t\t\t\t<\/div>\n\t\t<\/div>\n\t\t\t\t\t<\/div>\n\t\t<\/section>\n\t\t\t\t<section class=\"elementor-section elementor-top-section elementor-element elementor-element-7a7a37b1 elementor-section-boxed elementor-section-height-default elementor-section-height-default\" data-id=\"7a7a37b1\" data-element_type=\"section\">\n\t\t\t\t\t\t<div class=\"elementor-container elementor-column-gap-default\">\n\t\t\t\t\t<div class=\"elementor-column elementor-col-100 elementor-top-column elementor-element elementor-element-7b486be5\" data-id=\"7b486be5\" data-element_type=\"column\">\n\t\t\t<div class=\"elementor-widget-wrap elementor-element-populated\">\n\t\t\t\t\t\t<div class=\"elementor-element elementor-element-6a0c2c06 elementor-widget elementor-widget-text-editor\" data-id=\"6a0c2c06\" data-element_type=\"widget\" data-widget_type=\"text-editor.default\">\n\t\t\t\t<div class=\"elementor-widget-container\">\n\t\t\t\t\t\t\t<p>Conform\u00e9ment au r\u00e8glement (UE) 2016\/679 du Parlement europ\u00e9en et du Conseil du 27 avril 2016 relatif \u00e0 la protection des personnes physiques \u00e0 l&rsquo;\u00e9gard du traitement des donn\u00e9es \u00e0 caract\u00e8re personnel, par lequel la directive 95 est abrog\u00e9e \/ 46 \/ CE (ci-apr\u00e8s RGPD), Loi 34\/2002, du 11 juillet, relative aux services de la soci\u00e9t\u00e9 de l&rsquo;information et du commerce \u00e9lectronique (ci-apr\u00e8s, LSSI-CE) et Loi organique 3\/2018, Protection des donn\u00e9es personnelles et garantie des droits num\u00e9riques, ALBERT NOGU\u00c9 POLA garantit la protection et la confidentialit\u00e9 des donn\u00e9es personnelles, de tout type fournies par nos clients, conform\u00e9ment aux dispositions du r\u00e8glement g\u00e9n\u00e9ral sur la protection des donn\u00e9es \u00e0 caract\u00e8re personnel.<\/p><p>La politique de protection des donn\u00e9es d&rsquo;ALBERT NOGU\u00c9 POLA repose sur le principe de la responsabilit\u00e9 proactive, selon laquelle le Responsable du traitement est responsable du respect du cadre r\u00e9glementaire et jurisprudentiel, en pouvant le d\u00e9montrer aux autorit\u00e9s de contr\u00f4le correspondantes.<\/p><p>Les donn\u00e9es fournies seront trait\u00e9es dans les termes \u00e9tablis dans le RGPD, en ce sens ALBERT NOGU\u00c9 POLA a adopt\u00e9 les niveaux de protection l\u00e9galement requis, et a mis en place toutes les mesures techniques \u00e0 sa disposition pour \u00e9viter toute perte, utilisation abusive, alt\u00e9ration, non autoris\u00e9e acc\u00e8s par des tiers, d\u00e9crit ci-dessous. Cependant, l&rsquo;utilisateur doit \u00eatre conscient que les mesures de s\u00e9curit\u00e9 Internet ne sont pas imprenables.<\/p><p><strong>Responsable du traitement: Qui sommes-nous?<\/strong><\/p><ul><li>Nom: ALBERT NOGU\u00c9 POLA<\/li><li>CIF: 77109392Y<\/li><li>Adresse: Avda. Mare de Deu de Montserrat 4-6, 17480 Roses, G\u00e9rone<br \/>T\u00e9l\u00e9phone: 640238806<\/li><li>Courriel: info@moblesroses.com<\/li><\/ul><p><br \/><strong>Finalit\u00e9 du traitement: \u00e0 quoi utiliserons-nous vos donn\u00e9es?<\/strong><\/p><p>Toutes les donn\u00e9es fournies par nos clients et \/ ou visiteurs sur le site ALBERT NOGU\u00c9 POLA ou son personnel seront incluses dans le registre des activit\u00e9s de traitement de donn\u00e9es personnelles, cr\u00e9\u00e9 et maintenu sous la responsabilit\u00e9 d&rsquo;ALBERT NOGU\u00c9 POLA, indispensable pour fournir les services demand\u00e9s par utilisateurs, ou pour r\u00e9soudre les doutes ou les questions soulev\u00e9s par nos visiteurs. Notre politique n&rsquo;est pas de cr\u00e9er des profils d&rsquo;utilisateurs de nos services.<\/p><p><strong>L\u00e9gitimit\u00e9 du traitement: pourquoi avons-nous besoin de vos donn\u00e9es?<\/strong><\/p><p>a) Relation contractuelle: c&rsquo;est celle qui s&rsquo;applique lorsque vous achetez l&rsquo;un de nos produits ou contractez l&rsquo;un de nos services.<br \/>b) Int\u00e9r\u00eat l\u00e9gitime: Pour r\u00e9pondre aux requ\u00eates et r\u00e9clamations que vous soulevez et pour g\u00e9rer l&rsquo;encaissement des sommes dues.<br \/>c) Votre consentement: Si vous \u00eates un utilisateur de notre site Web, en cochant la case qui appara\u00eet dans le formulaire de contact, vous nous autorisez \u00e0 vous envoyer les communications n\u00e9cessaires pour r\u00e9pondre \u00e0 la requ\u00eate ou demande d&rsquo;informations soulev\u00e9es.<\/p><p><strong>Destinataires: avec qui partageons-nous vos donn\u00e9es?<\/strong><\/p><p>Nous ne transf\u00e9rons vos donn\u00e9es personnelles \u00e0 personne, \u00e0 l&rsquo;exception des entit\u00e9s publiques ou priv\u00e9es auxquelles nous sommes oblig\u00e9s de fournir vos donn\u00e9es personnelles en raison du respect de toute loi. Par exemple, la loi fiscale oblige l&rsquo;administration fiscale \u00e0 fournir certaines informations sur les op\u00e9rations \u00e9conomiques qui d\u00e9passent un certain montant.<\/p><p>Dans le cas o\u00f9, en dehors des hypoth\u00e8ses susmentionn\u00e9es, nous devons divulguer vos informations personnelles \u00e0 d&rsquo;autres entit\u00e9s, nous vous demanderons votre autorisation \u00e0 l&rsquo;avance par le biais d&rsquo;options claires qui vous permettront de d\u00e9cider \u00e0 cet \u00e9gard.<\/p><p><strong>Communication: O\u00f9 pouvons-nous envoyer vos donn\u00e9es?<\/strong><\/p><p>Nous n&rsquo;effectuerons aucun transfert international de vos donn\u00e9es personnelles \u00e0 l&rsquo;une des fins indiqu\u00e9es.<\/p><p><strong>Conservation: combien de temps conserverons-nous vos donn\u00e9es?<\/strong><\/p><p>Nous ne conserverons vos donn\u00e9es personnelles que le temps n\u00e9cessaire pour atteindre les objectifs pour lesquels elles ont \u00e9t\u00e9 collect\u00e9es. Lors de la d\u00e9termination de la p\u00e9riode de conservation appropri\u00e9e, nous examinons les risques impliqu\u00e9s dans le traitement, ainsi que nos obligations contractuelles, l\u00e9gales et r\u00e9glementaires, nos politiques internes de conservation des donn\u00e9es et nos int\u00e9r\u00eats commerciaux l\u00e9gitimes d\u00e9crits dans la pr\u00e9sente politique de confidentialit\u00e9 et de cookies.<\/p><p>En ce sens, ALBERT NOGU\u00c9 POLA conservera les donn\u00e9es personnelles une fois sa relation avec vous termin\u00e9e, d\u00fbment bloqu\u00e9e, pendant le d\u00e9lai de prescription des actions qui pourraient d\u00e9couler de la relation entretenue avec l&rsquo;int\u00e9ress\u00e9.<\/p><p>Une fois bloqu\u00e9es, vos donn\u00e9es seront inaccessibles \u00e0 ALBERT NOGU\u00c9 POLA, et ne seront trait\u00e9es que pour leur mise \u00e0 disposition des Administrations publiques, Juges et Tribunaux, \u00e0 l&rsquo;attention des \u00e9ventuelles responsabilit\u00e9s d\u00e9coulant des traitements, ainsi que pour l&rsquo;exercice et d\u00e9fense des r\u00e9clamations devant l&rsquo;Agence espagnole de protection des donn\u00e9es.<\/p><p><strong>S\u00e9curit\u00e9: comment allons-nous prot\u00e9ger vos donn\u00e9es?<\/strong><\/p><p>Nous d\u00e9ployons tous les efforts raisonnables pour maintenir la confidentialit\u00e9 des informations personnelles trait\u00e9es dans nos syst\u00e8mes. Nous maintenons des niveaux de s\u00e9curit\u00e9 stricts pour prot\u00e9ger les donn\u00e9es personnelles que nous traitons contre les pertes accidentelles et l&rsquo;acc\u00e8s, le traitement ou la divulgation non autoris\u00e9s, en tenant compte de l&rsquo;\u00e9tat de la technologie, de la nature et des risques auxquels les donn\u00e9es sont expos\u00e9es. Cependant, nous ne pouvons \u00eatre tenus responsables de l&rsquo;utilisation que vous faites des donn\u00e9es (y compris le nom d&rsquo;utilisateur et le mot de passe) que vous utilisez sur notre site Web. Notre personnel respecte des normes de confidentialit\u00e9 strictes et dans le cas o\u00f9 nous embauchons des tiers pour fournir des services d&rsquo;assistance, nous leur demandons de respecter les m\u00eames normes et nous permettons de les auditer pour v\u00e9rifier leur conformit\u00e9.<\/p><p><strong>Vos droits: Quels droits pouvez-vous exercer en tant que partie int\u00e9ress\u00e9e?<\/strong><\/p><p>Nous vous informons que vous pouvez exercer les droits suivants:<\/p><p>a) Droit d&rsquo;acc\u00e8s \u00e0 vos donn\u00e9es personnelles, pour savoir lesquelles sont en cours de traitement et les op\u00e9rations de traitement effectu\u00e9es avec elles;<br \/>b) Droit de rectifier toute donn\u00e9e personnelle inexacte;<br \/>c) Droit de supprimer vos donn\u00e9es personnelles, lorsque cela est possible (par exemple, par imp\u00e9ratif l\u00e9gal);<br \/>d) Droit de limiter le traitement de vos donn\u00e9es personnelles lorsque l&rsquo;exactitude, la l\u00e9galit\u00e9 ou la n\u00e9cessit\u00e9 du traitement des donn\u00e9es est douteuse, auquel cas nous pouvons les conserver pour l&rsquo;exercice ou la d\u00e9fense de r\u00e9clamations.<br \/>e) Droit de s&rsquo;opposer au traitement de vos donn\u00e9es personnelles, lorsque la base l\u00e9gale qui nous permet de traiter celles indiqu\u00e9es est notre int\u00e9r\u00eat l\u00e9gitime. ALBERT NOGU\u00c9 POLA cessera de traiter vos donn\u00e9es sauf si elles ont un int\u00e9r\u00eat l\u00e9gitime ou sont n\u00e9cessaires \u00e0 la d\u00e9fense de r\u00e9clamations.<br \/>f) Droit \u00e0 la portabilit\u00e9 de vos donn\u00e9es, lorsque la base l\u00e9gale qui nous permet de les traiter est l&rsquo;existence d&rsquo;une relation contractuelle ou votre consentement.<br \/>g) Droit de r\u00e9voquer le consentement accord\u00e9 \u00e0 ALBERT NOGU\u00c9 POLA.<\/p><p>Pour exercer vos droits, vous pouvez le faire gratuitement et \u00e0 tout moment, en nous contactant \u00e0 Avda Mare de Deu de Montserrat 4-6, 17480 Roses, Girona, en joignant une copie de votre pi\u00e8ce d&rsquo;identit\u00e9.<\/p><p><strong>Protection des droits: o\u00f9 pouvez-vous faire une r\u00e9clamation?<\/strong><\/p><p>Si vous comprenez que vos droits n&rsquo;ont pas \u00e9t\u00e9 respect\u00e9s par notre entit\u00e9, vous pouvez d\u00e9poser une r\u00e9clamation aupr\u00e8s de l&rsquo;Agence espagnole de protection des donn\u00e9es, par l&rsquo;un des moyens suivants:<\/p><ul><li>Bureau \u00e9lectronique: https:\/\/www.aepd.es<\/li><li>Courrier postal: Agence espagnole de protection des donn\u00e9es, C \/ Jorge Juan, 6, 28001, Madrid<\/li><li>T\u00e9l\u00e9phone: 901.100.099 et 912.663.517<\/li><\/ul><p>Le d\u00e9p\u00f4t d&rsquo;une r\u00e9clamation aupr\u00e8s de l&rsquo;Agence espagnole de protection des donn\u00e9es n&rsquo;entra\u00eene aucun co\u00fbt et l&rsquo;assistance d&rsquo;un avocat ou d&rsquo;un avocat n&rsquo;est pas n\u00e9cessaire.<\/p><p>Mises \u00e0 jour: Quels changements peut-il y avoir dans cette politique de confidentialit\u00e9?<\/p><p>ALBERT NOGU\u00c9 POLA se r\u00e9serve le droit de modifier cette politique pour l&rsquo;adapter \u00e0 la nouvelle l\u00e9gislation ou \u00e0 la jurisprudence qui pourraient en affecter le respect.<\/p><p>Afin de garantir le respect de la r\u00e9glementation sur la protection des donn\u00e9es personnelles, ALBERT NOGU\u00c9 POLA a b\u00e9n\u00e9fici\u00e9 des services de conseil et de conseil de ClickDatos.<\/p>\t\t\t\t\t\t<\/div>\n\t\t\t\t<\/div>\n\t\t\t\t\t<\/div>\n\t\t<\/div>\n\t\t\t\t\t<\/div>\n\t\t<\/section>\n\t\t\t\t<\/div>\n\t\t","protected":false},"excerpt":{"rendered":"<p>Les politiques de confidentialit\u00e9 Conform\u00e9ment au r\u00e8glement (UE) 2016\/679 du Parlement europ\u00e9en et du Conseil du 27 avril 2016 relatif \u00e0 la protection des personnes physiques \u00e0 l&rsquo;\u00e9gard du traitement des donn\u00e9es \u00e0 caract\u00e8re personnel, par lequel la directive 95 est abrog\u00e9e \/ 46 \/ CE (ci-apr\u00e8s RGPD), Loi 34\/2002, du 11 juillet, relative aux [&hellip;]<\/p>\n","protected":false},"author":1,"featured_media":0,"parent":0,"menu_order":0,"comment_status":"closed","ping_status":"open","template":"elementor_header_footer","meta":{"footnotes":""},"class_list":["post-1259","page","type-page","status-publish","hentry","entry"],"_links":{"self":[{"href":"https:\/\/camacolchonroses.com\/fr\/wp-json\/wp\/v2\/pages\/1259"}],"collection":[{"href":"https:\/\/camacolchonroses.com\/fr\/wp-json\/wp\/v2\/pages"}],"about":[{"href":"https:\/\/camacolchonroses.com\/fr\/wp-json\/wp\/v2\/types\/page"}],"author":[{"embeddable":true,"href":"https:\/\/camacolchonroses.com\/fr\/wp-json\/wp\/v2\/users\/1"}],"replies":[{"embeddable":true,"href":"https:\/\/camacolchonroses.com\/fr\/wp-json\/wp\/v2\/comments?post=1259"}],"version-history":[{"count":9,"href":"https:\/\/camacolchonroses.com\/fr\/wp-json\/wp\/v2\/pages\/1259\/revisions"}],"predecessor-version":[{"id":5482,"href":"https:\/\/camacolchonroses.com\/fr\/wp-json\/wp\/v2\/pages\/1259\/revisions\/5482"}],"wp:attachment":[{"href":"https:\/\/camacolchonroses.com\/fr\/wp-json\/wp\/v2\/media?parent=1259"}],"curies":[{"name":"wp","href":"https:\/\/api.w.org\/{rel}","templated":true}]}}